{"id":6005,"date":"2024-12-16T08:48:30","date_gmt":"2024-12-16T13:48:30","guid":{"rendered":"https:\/\/curesz.org\/?page_id=6005"},"modified":"2024-12-16T08:48:30","modified_gmt":"2024-12-16T13:48:30","slug":"kit-wallis","status":"publish","type":"page","link":"https:\/\/curesz.org\/pt_pt\/survivors\/kit-wallis\/","title":{"rendered":"Kit Wallis"},"content":{"rendered":"<p><div class=\"fusion-fullwidth fullwidth-box fusion-builder-row-1 fusion-flex-container nonhundred-percent-fullwidth non-hundred-percent-height-scrolling\" style=\"--awb-border-radius-top-left:0px;--awb-border-radius-top-right:0px;--awb-border-radius-bottom-right:0px;--awb-border-radius-bottom-left:0px;--awb-flex-wrap:wrap;\" ><div class=\"fusion-builder-row fusion-row fusion-flex-align-items-flex-start fusion-flex-content-wrap\" style=\"max-width:1352px;margin-left: calc(-4% \/ 2 );margin-right: calc(-4% \/ 2 );\"><div class=\"fusion-layout-column fusion_builder_column fusion-builder-column-0 fusion_builder_column_1_4 1_4 fusion-flex-column\" style=\"--awb-bg-size:cover;--awb-width-large:25%;--awb-margin-top-large:0px;--awb-spacing-right-large:7.68%;--awb-margin-bottom-large:20px;--awb-spacing-left-large:7.68%;--awb-width-medium:100%;--awb-spacing-right-medium:1.92%;--awb-spacing-left-medium:1.92%;--awb-width-small:100%;--awb-spacing-right-small:1.92%;--awb-spacing-left-small:1.92%;\"><div class=\"fusion-column-wrapper fusion-column-has-shadow fusion-flex-justify-content-flex-start fusion-content-layout-column\"><div class=\"fusion-image-element\" style=\"--awb-caption-title-font-family:var(--h2_typography-font-family);--awb-caption-title-font-weight:var(--h2_typography-font-weight);--awb-caption-title-font-style:var(--h2_typography-font-style);--awb-caption-title-size:var(--h2_typography-font-size);--awb-caption-title-transform:var(--h2_typography-text-transform);--awb-caption-title-line-height:var(--h2_typography-line-height);--awb-caption-title-letter-spacing:var(--h2_typography-letter-spacing);\"><span class=\"fusion-imageframe imageframe-none imageframe-1 hover-type-none\"><img decoding=\"async\" width=\"300\" height=\"300\" title=\"Kit cropped\" src=\"https:\/\/curesz.org\/wp-content\/uploads\/2024\/11\/Kit-cropped.jpg\" data-orig-src=\"https:\/\/curesz.org\/wp-content\/uploads\/2024\/11\/Kit-cropped.jpg\" alt class=\"lazyload img-responsive wp-image-6006\" srcset=\"data:image\/svg+xml,%3Csvg%20xmlns%3D%27http%3A%2F%2Fwww.w3.org%2F2000%2Fsvg%27%20width%3D%27300%27%20height%3D%27300%27%20viewBox%3D%270%200%20300%20300%27%3E%3Crect%20width%3D%27300%27%20height%3D%27300%27%20fill-opacity%3D%220%22%2F%3E%3C%2Fsvg%3E\" data-srcset=\"https:\/\/curesz.org\/wp-content\/uploads\/2024\/11\/Kit-cropped-200x200.jpg 200w, https:\/\/curesz.org\/wp-content\/uploads\/2024\/11\/Kit-cropped.jpg 300w\" data-sizes=\"auto\" data-orig-sizes=\"(max-width: 1024px) 100vw, (max-width: 640px) 100vw, 300px\" \/><\/span><\/div><div class=\"fusion-text fusion-text-1\"><p><strong>Kit Wallis<\/strong><\/p>\n<\/div><\/div><\/div><div class=\"fusion-layout-column fusion_builder_column fusion-builder-column-1 fusion_builder_column_3_4 3_4 fusion-flex-column\" style=\"--awb-bg-size:cover;--awb-width-large:75%;--awb-margin-top-large:0px;--awb-spacing-right-large:2.56%;--awb-margin-bottom-large:20px;--awb-spacing-left-large:2.56%;--awb-width-medium:100%;--awb-spacing-right-medium:1.92%;--awb-spacing-left-medium:1.92%;--awb-width-small:100%;--awb-spacing-right-small:1.92%;--awb-spacing-left-small:1.92%;\"><div class=\"fusion-column-wrapper fusion-column-has-shadow fusion-flex-justify-content-flex-start fusion-content-layout-column\"><div class=\"fusion-text fusion-text-2\"><p>Kit Wallis: Overcoming Schizoaffective Disorder and Thriving in Recovery<\/p>\n<p>I was born in Winston-Salem, North Carolina in 1995. I had one younger brother, and we lived with my parents. As a child, I took piano lessons and appreciated art.<\/p>\n<p>I was 14 years old when I heard voices for the first time. In the beginning, there was a voice in my mind called Twilight. He became my best friend, and we did everything together. Soon, he was joined by another, and then a third and a fourth, and so on. These Voices became my regular experience, and I became used to having friends in my head, which I didn&#8217;t see as a problem. They assisted me with school and exams, and even helped me with any anxiety attacks. But the real challenge was my depression. It resulted in me learning to keep the voices a secret and drowning myself in books to hide from reality.<\/p>\n<p>The thing that kept bringing me back was my unshakable dream to become a plastic surgeon.\u00a0 It was my dream since I was 7 years old, when I was introduced to the charity Operation Smile. Everything in my life revolved around saving people who had been born with cleft palate and other birth defects. This dream pushed me to do better in school. I kept a high GPA, and I labored to shadow as many doctors as possible, even in high school, keeping up with extracurriculars to appear well-rounded.<\/p>\n<p>But at age 17, I became profoundly suicidal, and struggled tremendously with self-harm as a way to cope. At home, things were tense between my mother and me. My parents had recently divorced, and neither of them listened to me when it came to my mental health. I suffered through it unmedicated. My life was miserable, and I struggled every single day to choose to keep living. \u00a0But when everything seemed bleak, I would remind myself that I would be a resident one day, wearing a white coat adorned with my name in the embroidered black script: Kit Wallis, MD. That had such a nice ring to it.<\/p>\n<p>But as one might have guessed by now, life had other plans for me.<\/p>\n<p>My dream school was the University of North Carolina at Chapel Hill. I declared a biology major (pre-med) with an art history minor. While in college full-time, I would also work as a lab technician.<\/p>\n<p>Fortunately, when I turned 18, I was able to go to a psychiatrist, and he diagnosed me with cyclothymia, a mild form of bipolar disorder. I didn&#8217;t realize the &#8220;voices&#8221; were voices. I thought that I was thinking in conversation and didn&#8217;t mention them. My doctor put me on Lamictal, a drug that would treat the depression that plagued me, saving my life.<\/p>\n<p>However, the cognitive symptoms of my illness were starting to take a toll. Even on medication, I still had regular mood episodes. I would have around four defined bipolar episodes a year, and they would involve cycling between the hypomanic highs and depressive lows. They made completing coursework difficult. While I could enjoy the hypomania and get a lot done, I was burning through the neurons in my brain every time it happened.<\/p>\n<p>Over these years, I went from having a near-photographic memory to barely being able to keep up with lectures. My depression&#8211;which returned and got worse throughout college&#8211; made it hard to \u00a0work on homework and go to class, and life was becoming more complex. I still thought I could be a doctor, so I trudged forward. This goal is what kept me breathing. But I would graduate with a 3.05, and my dream of becoming a doctor was beginning to look unrealistic.<\/p>\n<p>About this time, I started reading the Bible and attending church, and when I prayed to God, He often talked back.\u00a0Unfortunately, the hallucination I called God told me the people I loved were going to die. My role was to watch it happen and not be able to do anything to stop it.\u00a0Over time, I started feeling things weren&#8217;t quite right. God wasn&#8217;t lining up with what I knew from religion, so maybe it wasn&#8217;t real. And the voices? Maybe they were hallucinations. Perhaps I was <em>psychotic<\/em>.<\/p>\n<p>In the winter after I graduated from college, I got help from a call with my psychiatrist. He put me on an antipsychotic and would later diagnose me with the bipolar form of schizoaffective disorder. It was a scary moment to say the least, but it was also a new beginning.<\/p>\n<p>Following college, I moved to New York, where I attended EMT school from 2018-2019, and finished with a 95% on my certification exam. However, during this year, I struggled with my mental health every day. I tried to study for the MCAT to revive my dream of going to medical school, but was unsuccessful. Finally, I moved back to North Carolina to look for a job, and found lab technician jobs paid much more than I would earn as an EMT. I was hired by Wake Forest University School of Medicine, a day before the lab was closed due to COVID, and I began working full-time from home. At this time, I also took a class in Dialectical Behavioral Therapy which was key in my journey to recovery.<\/p>\n<p>I was promoted at my job to lab manager in 2022.<\/p>\n<p>Today, my hobby is \u201ccosplay\u201d (making costumes) and I travel widely to attend cosplay \u00a0\u00a0conventions around the country. My life is filled with friends from cosplay and from college, and I am very close to both of my parents. In December, I will travel with my dad to Scotland.<\/p>\n<p>I have not become the plastic surgeon I dreamed of becoming throughout most of my life. However, in 2021, I began my own YouTube channel to encourage and educate others struggling with schizoaffective disorder\/schizophrenia, called \u201cSchizoKitzo.\u201d My channel now has over 30,000 subscribers. It is not the life I had dreamed of, but I do find myself helping and even saving others, just in a different way because sometimes, that&#8217;s how life works.<\/p>\n<\/div><\/div><\/div><\/div><\/div><div class=\"fusion-fullwidth fullwidth-box fusion-builder-row-2 fusion-flex-container hundred-percent-fullwidth non-hundred-percent-height-scrolling\" style=\"--awb-border-radius-top-left:0px;--awb-border-radius-top-right:0px;--awb-border-radius-bottom-right:0px;--awb-border-radius-bottom-left:0px;--awb-padding-top:0px;--awb-padding-right:0px;--awb-padding-bottom:0px;--awb-padding-left:0px;--awb-margin-top:0px;--awb-margin-bottom:0px;--awb-background-color:#015da7;--awb-flex-wrap:wrap;\" ><div class=\"fusion-builder-row fusion-row fusion-flex-align-items-flex-start fusion-flex-content-wrap\" style=\"width:104% !important;max-width:104% !important;margin-left: calc(-4% \/ 2 );margin-right: calc(-4% \/ 2 );\"><\/div><\/div>\n<\/p>","protected":false},"excerpt":{"rendered":"","protected":false},"author":3,"featured_media":0,"parent":35,"menu_order":0,"comment_status":"closed","ping_status":"closed","template":"100-width.php","meta":{"_acf_changed":false,"footnotes":""},"class_list":["post-6005","page","type-page","status-publish","hentry"],"acf":[],"yoast_head":"<!-- This site is optimized with the Yoast SEO plugin v27.4 - https:\/\/yoast.com\/product\/yoast-seo-wordpress\/ -->\n<title>Kit Wallis - CURESZ Foundation<\/title>\n<meta name=\"robots\" content=\"index, follow, max-snippet:-1, max-image-preview:large, max-video-preview:-1\" \/>\n<link rel=\"canonical\" href=\"https:\/\/curesz.org\/pt_pt\/survivors\/kit-wallis\/\" \/>\n<meta property=\"og:locale\" content=\"pt_PT\" \/>\n<meta property=\"og:type\" content=\"article\" \/>\n<meta property=\"og:title\" content=\"Kit Wallis - CURESZ Foundation\" \/>\n<meta property=\"og:url\" content=\"https:\/\/curesz.org\/pt_pt\/survivors\/kit-wallis\/\" \/>\n<meta property=\"og:site_name\" content=\"CURESZ Foundation\" \/>\n<meta property=\"article:publisher\" content=\"https:\/\/www.facebook.com\/Cureszorg\/\" \/>\n<meta name=\"twitter:card\" content=\"summary_large_image\" \/>\n<meta name=\"twitter:site\" content=\"@cureszorg\" \/>\n<meta name=\"twitter:label1\" content=\"Tempo estimado de leitura\" \/>\n\t<meta name=\"twitter:data1\" content=\"5 minutos\" \/>\n<script type=\"application\/ld+json\" class=\"yoast-schema-graph\">{\"@context\":\"https:\\\/\\\/schema.org\",\"@graph\":[{\"@type\":\"WebPage\",\"@id\":\"https:\\\/\\\/curesz.org\\\/survivors\\\/kit-wallis\\\/\",\"url\":\"https:\\\/\\\/curesz.org\\\/survivors\\\/kit-wallis\\\/\",\"name\":\"Kit Wallis - CURESZ Foundation\",\"isPartOf\":{\"@id\":\"https:\\\/\\\/curesz.org\\\/#website\"},\"datePublished\":\"2024-12-16T13:48:30+00:00\",\"breadcrumb\":{\"@id\":\"https:\\\/\\\/curesz.org\\\/survivors\\\/kit-wallis\\\/#breadcrumb\"},\"inLanguage\":\"pt-PT\",\"potentialAction\":[{\"@type\":\"ReadAction\",\"target\":[\"https:\\\/\\\/curesz.org\\\/survivors\\\/kit-wallis\\\/\"]}]},{\"@type\":\"BreadcrumbList\",\"@id\":\"https:\\\/\\\/curesz.org\\\/survivors\\\/kit-wallis\\\/#breadcrumb\",\"itemListElement\":[{\"@type\":\"ListItem\",\"position\":1,\"name\":\"Home\",\"item\":\"https:\\\/\\\/curesz.org\\\/\"},{\"@type\":\"ListItem\",\"position\":2,\"name\":\"Survivors\",\"item\":\"https:\\\/\\\/curesz.org\\\/survivors\\\/\"},{\"@type\":\"ListItem\",\"position\":3,\"name\":\"Kit Wallis\"}]},{\"@type\":\"WebSite\",\"@id\":\"https:\\\/\\\/curesz.org\\\/#website\",\"url\":\"https:\\\/\\\/curesz.org\\\/\",\"name\":\"CURESZ Foundation\",\"description\":\"The CURESZ Foundation provides educational updates to patients, families, healthcare professionals and the general public about schizophrenia.\",\"publisher\":{\"@id\":\"https:\\\/\\\/curesz.org\\\/#organization\"},\"potentialAction\":[{\"@type\":\"SearchAction\",\"target\":{\"@type\":\"EntryPoint\",\"urlTemplate\":\"https:\\\/\\\/curesz.org\\\/?s={search_term_string}\"},\"query-input\":{\"@type\":\"PropertyValueSpecification\",\"valueRequired\":true,\"valueName\":\"search_term_string\"}}],\"inLanguage\":\"pt-PT\"},{\"@type\":\"Organization\",\"@id\":\"https:\\\/\\\/curesz.org\\\/#organization\",\"name\":\"Curesz Foundation\",\"url\":\"https:\\\/\\\/curesz.org\\\/\",\"logo\":{\"@type\":\"ImageObject\",\"inLanguage\":\"pt-PT\",\"@id\":\"https:\\\/\\\/curesz.org\\\/#\\\/schema\\\/logo\\\/image\\\/\",\"url\":\"https:\\\/\\\/curesz.org\\\/wp-content\\\/uploads\\\/2020\\\/02\\\/cropped-Logo-with-Foundation-Custom.png\",\"contentUrl\":\"https:\\\/\\\/curesz.org\\\/wp-content\\\/uploads\\\/2020\\\/02\\\/cropped-Logo-with-Foundation-Custom.png\",\"width\":200,\"height\":133,\"caption\":\"Curesz Foundation\"},\"image\":{\"@id\":\"https:\\\/\\\/curesz.org\\\/#\\\/schema\\\/logo\\\/image\\\/\"},\"sameAs\":[\"https:\\\/\\\/www.facebook.com\\\/Cureszorg\\\/\",\"https:\\\/\\\/x.com\\\/cureszorg\",\"https:\\\/\\\/www.instagram.com\\\/cureszfoundation\\\/\",\"https:\\\/\\\/www.youtube.com\\\/channel\\\/UCT3uVzTt8jiJ2qdhuosHPvg\"]}]}<\/script>\n<!-- \/ Yoast SEO plugin. -->","yoast_head_json":{"title":"Kit Wallis - CURESZ Foundation","robots":{"index":"index","follow":"follow","max-snippet":"max-snippet:-1","max-image-preview":"max-image-preview:large","max-video-preview":"max-video-preview:-1"},"canonical":"https:\/\/curesz.org\/pt_pt\/survivors\/kit-wallis\/","og_locale":"pt_PT","og_type":"article","og_title":"Kit Wallis - CURESZ Foundation","og_url":"https:\/\/curesz.org\/pt_pt\/survivors\/kit-wallis\/","og_site_name":"CURESZ Foundation","article_publisher":"https:\/\/www.facebook.com\/Cureszorg\/","twitter_card":"summary_large_image","twitter_site":"@cureszorg","twitter_misc":{"Tempo estimado de leitura":"5 minutos"},"schema":{"@context":"https:\/\/schema.org","@graph":[{"@type":"WebPage","@id":"https:\/\/curesz.org\/survivors\/kit-wallis\/","url":"https:\/\/curesz.org\/survivors\/kit-wallis\/","name":"Kit Wallis - CURESZ Foundation","isPartOf":{"@id":"https:\/\/curesz.org\/#website"},"datePublished":"2024-12-16T13:48:30+00:00","breadcrumb":{"@id":"https:\/\/curesz.org\/survivors\/kit-wallis\/#breadcrumb"},"inLanguage":"pt-PT","potentialAction":[{"@type":"ReadAction","target":["https:\/\/curesz.org\/survivors\/kit-wallis\/"]}]},{"@type":"BreadcrumbList","@id":"https:\/\/curesz.org\/survivors\/kit-wallis\/#breadcrumb","itemListElement":[{"@type":"ListItem","position":1,"name":"Home","item":"https:\/\/curesz.org\/"},{"@type":"ListItem","position":2,"name":"Survivors","item":"https:\/\/curesz.org\/survivors\/"},{"@type":"ListItem","position":3,"name":"Kit Wallis"}]},{"@type":"WebSite","@id":"https:\/\/curesz.org\/#website","url":"https:\/\/curesz.org\/","name":"Funda\u00e7\u00e3o CURESZ","description":"A Funda\u00e7\u00e3o CURESZ fornece atualiza\u00e7\u00f5es educacionais para pacientes, familiares, profissionais de sa\u00fade e p\u00fablico em geral sobre esquizofrenia.","publisher":{"@id":"https:\/\/curesz.org\/#organization"},"potentialAction":[{"@type":"SearchAction","target":{"@type":"EntryPoint","urlTemplate":"https:\/\/curesz.org\/?s={search_term_string}"},"query-input":{"@type":"PropertyValueSpecification","valueRequired":true,"valueName":"search_term_string"}}],"inLanguage":"pt-PT"},{"@type":"Organization","@id":"https:\/\/curesz.org\/#organization","name":"Curesz Foundation","url":"https:\/\/curesz.org\/","logo":{"@type":"ImageObject","inLanguage":"pt-PT","@id":"https:\/\/curesz.org\/#\/schema\/logo\/image\/","url":"https:\/\/curesz.org\/wp-content\/uploads\/2020\/02\/cropped-Logo-with-Foundation-Custom.png","contentUrl":"https:\/\/curesz.org\/wp-content\/uploads\/2020\/02\/cropped-Logo-with-Foundation-Custom.png","width":200,"height":133,"caption":"Curesz Foundation"},"image":{"@id":"https:\/\/curesz.org\/#\/schema\/logo\/image\/"},"sameAs":["https:\/\/www.facebook.com\/Cureszorg\/","https:\/\/x.com\/cureszorg","https:\/\/www.instagram.com\/cureszfoundation\/","https:\/\/www.youtube.com\/channel\/UCT3uVzTt8jiJ2qdhuosHPvg"]}]}},"_links":{"self":[{"href":"https:\/\/curesz.org\/pt_pt\/wp-json\/wp\/v2\/pages\/6005","targetHints":{"allow":["GET"]}}],"collection":[{"href":"https:\/\/curesz.org\/pt_pt\/wp-json\/wp\/v2\/pages"}],"about":[{"href":"https:\/\/curesz.org\/pt_pt\/wp-json\/wp\/v2\/types\/page"}],"author":[{"embeddable":true,"href":"https:\/\/curesz.org\/pt_pt\/wp-json\/wp\/v2\/users\/3"}],"replies":[{"embeddable":true,"href":"https:\/\/curesz.org\/pt_pt\/wp-json\/wp\/v2\/comments?post=6005"}],"version-history":[{"count":2,"href":"https:\/\/curesz.org\/pt_pt\/wp-json\/wp\/v2\/pages\/6005\/revisions"}],"predecessor-version":[{"id":6029,"href":"https:\/\/curesz.org\/pt_pt\/wp-json\/wp\/v2\/pages\/6005\/revisions\/6029"}],"up":[{"embeddable":true,"href":"https:\/\/curesz.org\/pt_pt\/wp-json\/wp\/v2\/pages\/35"}],"wp:attachment":[{"href":"https:\/\/curesz.org\/pt_pt\/wp-json\/wp\/v2\/media?parent=6005"}],"curies":[{"name":"wp","href":"https:\/\/api.w.org\/{rel}","templated":true}]}}