{"id":6127,"date":"2025-03-05T10:00:47","date_gmt":"2025-03-05T15:00:47","guid":{"rendered":"https:\/\/curesz.org\/?page_id=6127"},"modified":"2025-03-05T10:00:48","modified_gmt":"2025-03-05T15:00:48","slug":"i-wish-that-i-had-been-educated-about-schizophrenia","status":"publish","type":"page","link":"https:\/\/curesz.org\/pt_pt\/newsletter\/i-wish-that-i-had-been-educated-about-schizophrenia\/","title":{"rendered":"I Wish that I had been Educated about Schizophrenia"},"content":{"rendered":"<p><div class=\"fusion-fullwidth fullwidth-box fusion-builder-row-1 fusion-flex-container nonhundred-percent-fullwidth non-hundred-percent-height-scrolling\" style=\"--awb-border-radius-top-left:0px;--awb-border-radius-top-right:0px;--awb-border-radius-bottom-right:0px;--awb-border-radius-bottom-left:0px;--awb-flex-wrap:wrap;\" ><div class=\"fusion-builder-row fusion-row fusion-flex-align-items-flex-start fusion-flex-content-wrap\" style=\"max-width:1352px;margin-left: calc(-4% \/ 2 );margin-right: calc(-4% \/ 2 );\"><div class=\"fusion-layout-column fusion_builder_column fusion-builder-column-0 fusion_builder_column_1_4 1_4 fusion-flex-column\" style=\"--awb-bg-size:cover;--awb-width-large:25%;--awb-margin-top-large:0px;--awb-spacing-right-large:7.68%;--awb-margin-bottom-large:20px;--awb-spacing-left-large:7.68%;--awb-width-medium:100%;--awb-spacing-right-medium:1.92%;--awb-spacing-left-medium:1.92%;--awb-width-small:100%;--awb-spacing-right-small:1.92%;--awb-spacing-left-small:1.92%;\"><div class=\"fusion-column-wrapper fusion-column-has-shadow fusion-flex-justify-content-flex-start fusion-content-layout-column\"><div class=\"fusion-image-element\" style=\"--awb-caption-title-font-family:var(--h2_typography-font-family);--awb-caption-title-font-weight:var(--h2_typography-font-weight);--awb-caption-title-font-style:var(--h2_typography-font-style);--awb-caption-title-size:var(--h2_typography-font-size);--awb-caption-title-transform:var(--h2_typography-text-transform);--awb-caption-title-line-height:var(--h2_typography-line-height);--awb-caption-title-letter-spacing:var(--h2_typography-letter-spacing);\"><span class=\"fusion-imageframe imageframe-none imageframe-1 hover-type-none\"><img decoding=\"async\" width=\"2560\" height=\"2560\" title=\"SONY DSC\" src=\"https:\/\/curesz.org\/wp-content\/uploads\/2025\/03\/Bethany-Yeiser-cropped-scaled.jpg\" data-orig-src=\"https:\/\/curesz.org\/wp-content\/uploads\/2025\/03\/Bethany-Yeiser-cropped-scaled.jpg\" alt class=\"lazyload img-responsive wp-image-6128\" srcset=\"data:image\/svg+xml,%3Csvg%20xmlns%3D%27http%3A%2F%2Fwww.w3.org%2F2000%2Fsvg%27%20width%3D%272560%27%20height%3D%272560%27%20viewBox%3D%270%200%202560%202560%27%3E%3Crect%20width%3D%272560%27%20height%3D%272560%27%20fill-opacity%3D%220%22%2F%3E%3C%2Fsvg%3E\" data-srcset=\"https:\/\/curesz.org\/wp-content\/uploads\/2025\/03\/Bethany-Yeiser-cropped-200x200.jpg 200w, https:\/\/curesz.org\/wp-content\/uploads\/2025\/03\/Bethany-Yeiser-cropped-400x400.jpg 400w, https:\/\/curesz.org\/wp-content\/uploads\/2025\/03\/Bethany-Yeiser-cropped-600x600.jpg 600w, https:\/\/curesz.org\/wp-content\/uploads\/2025\/03\/Bethany-Yeiser-cropped-800x800.jpg 800w, https:\/\/curesz.org\/wp-content\/uploads\/2025\/03\/Bethany-Yeiser-cropped-1200x1200.jpg 1200w, https:\/\/curesz.org\/wp-content\/uploads\/2025\/03\/Bethany-Yeiser-cropped-scaled.jpg 2560w\" data-sizes=\"auto\" data-orig-sizes=\"(max-width: 1024px) 100vw, (max-width: 640px) 100vw, 400px\" \/><\/span><\/div><div class=\"fusion-text fusion-text-1\"><p><strong>Bethany Yeiser<\/strong><\/p>\n<\/div><\/div><\/div><div class=\"fusion-layout-column fusion_builder_column fusion-builder-column-1 fusion_builder_column_3_4 3_4 fusion-flex-column\" style=\"--awb-bg-size:cover;--awb-width-large:75%;--awb-margin-top-large:0px;--awb-spacing-right-large:2.56%;--awb-margin-bottom-large:20px;--awb-spacing-left-large:2.56%;--awb-width-medium:100%;--awb-spacing-right-medium:1.92%;--awb-spacing-left-medium:1.92%;--awb-width-small:100%;--awb-spacing-right-small:1.92%;--awb-spacing-left-small:1.92%;\"><div class=\"fusion-column-wrapper fusion-column-has-shadow fusion-flex-justify-content-flex-start fusion-content-layout-column\"><div class=\"fusion-text fusion-text-2\"><p>When I began my undergraduate studies in 1999 at the University of Southern California, everything was going well. I was concertmaster of their community orchestra on violin, working in a renowned biochemistry laboratory on DNA replication in bacteria, and was taking challenging classes, and scoring high grades. I was living my dream.<\/p>\n<p>When I thought of \u201cmental illness,\u201d people whom I considered to be \u201cweak\u201d immediately came to mind. I didn\u2019t understand why the mentally ill did not just pull themselves together, be strong, and get over their problems. I was confident that I would always be strong, and never be held back from doing anything in my life that I really wanted to do. Essentially, at that time in my life, I knew almost nothing about brain disorders.<\/p>\n<p>I also did not know that one in a hundred people will suffer with schizophrenia, and people with mental health diagnoses are everywhere and typically we are not privy to their diagnoses.<\/p>\n<p>I thought of the mentally ill as having a lower IQ (which was entirely inaccurate) and imagined everyone with mental illness was eccentric in personality, dress and mannerisms. I had a picture in my mind of a mentally ill person, and that person was very different than me. I would soon find out I was wrong.<\/p>\n<p>Not only did I know very little about brain disorders, but I also did not know that brain disorders do in fact run in my family. Though I know of no relatives with schizophrenia, I have three relatives who suffered for many years from treatment resistant depression, and there were two suicide attempts in the family, separated by many years.<\/p>\n<p>But my relatives were not disabled. All three were highly successful professionals and enjoyable people. I hardly knew these relatives, but I was aware of their success. I\u2019m confident no one outside of the immediate family knew of their struggles, though suicide claimed one of their lives.<\/p>\n<p>After I was diagnosed with schizophrenia in 2007, eight years following my successful start at the university, I met privately with one of my relatives about mental illness. He confided in me that his greatest wish was to take his own life. However, he remembered a distant relative who had attempted suicide, unsuccessfully, and the attempt had left him impaired for the rest of his life. This relative was terrified he also would not be successful and would be left far worse off than he was before the suicide attempt. This prevented him from suicide.<\/p>\n<p>But perhaps it was easier for my relatives to recognize their depression than it was for me to recognize my schizophrenia.<\/p>\n<p>I wish so much that when my schizophrenia symptoms appeared in 2002, I had had the insight to recognize that something serious was happening in my life, but instead I strongly pulled away from everyone who loved and cared for me. I had never heard of delusions (fixed, false beliefs) and knew little about hallucinations or what paranoia looks like.<\/p>\n<p>Today, it is my opinion that students in high school, or even younger, should be educated about brain disorders, including what the symptoms look like, and that they are treatable. They should understand that there should be no hesitation to seek help. And for many, the earlier a person begins treatment, the better they do, for life. I know this would have not just helped me, but my extended family members.<\/p>\n<p>When I was in high school, we learned about healthy eating, getting enough sleep, safe sex\/abstinence and exercise. My senior year, I was trained in self-defense and first aid. But education on brain disorders was completely absent.<\/p>\n<p>Looking back, I needed to learn that mental illnesses, including anxiety, depression, bipolar disorder and schizophrenia, are in fact physical (biological) problems. I did not know that schizophrenia was the result of an imbalance of neurotransmitters including dopamine, serotonin and glutamate, as well as many others, including some chemical involvement that is poorly understood by researchers. I was unaware that even geniuses could suffer from schizophrenia, but that many could succeed in life with the right treatment, personalized for each individual.<\/p>\n<p>Most importantly, I had no idea that mental illness was something that I myself would soon be afflicted with, and would suffer from for many years before obtaining treatment and medication.<\/p>\n<p>It would have been helpful to learn as a teenager about the symptoms of \u201canosognosia\u201d as well, which is the absence of self-awareness and knowledge that a person is experiencing severe symptoms of schizophrenia or another serious brain disorder. Anosognosia is more than denial. It can happen in other physical problems, such as after a stroke, when the patient is left paralyzed but believes his arms and legs are working normally.<\/p>\n<p>In 2020, the CURESZ Foundation established our first On Campus Club at the University of Cincinnati, in an effort to reach students of all majors with basic information about brain disorders.\u00a0The CURESZ Foundation is proud to sponsor four small college clubs. We hope that the education we offer these students will enrich their lives and help them to be a support and true friend to struggling peers.<\/p>\n<p>We must do better teaching our young people about these brain conditions that affect about one in five American adults, so they are prepared for whatever comes in life, be it mental illness in themselves or in people they love. And we must affirm that there should be no hesitation to openly talk about mental health and, if needed, to meet with a psychologist, counselor, doctor or nurse practitioner. Above all, young people must know that there is hope in treatment, and that counseling and medications can radically improve a person\u2019s life. Much more work needs to be done.<\/p>\n<\/div><\/div><\/div><\/div><\/div><div class=\"fusion-fullwidth fullwidth-box fusion-builder-row-2 fusion-flex-container hundred-percent-fullwidth non-hundred-percent-height-scrolling\" style=\"--awb-border-radius-top-left:0px;--awb-border-radius-top-right:0px;--awb-border-radius-bottom-right:0px;--awb-border-radius-bottom-left:0px;--awb-padding-top:0px;--awb-padding-right:0px;--awb-padding-bottom:0px;--awb-padding-left:0px;--awb-margin-top:0px;--awb-margin-bottom:0px;--awb-background-color:#015da7;--awb-flex-wrap:wrap;\" ><div class=\"fusion-builder-row fusion-row fusion-flex-align-items-flex-start fusion-flex-content-wrap\" style=\"width:104% !important;max-width:104% !important;margin-left: calc(-4% \/ 2 );margin-right: calc(-4% \/ 2 );\"><\/div><\/div>\n<\/p>","protected":false},"excerpt":{"rendered":"","protected":false},"author":3,"featured_media":0,"parent":76,"menu_order":0,"comment_status":"closed","ping_status":"closed","template":"100-width.php","meta":{"_acf_changed":false,"footnotes":""},"class_list":["post-6127","page","type-page","status-publish","hentry"],"acf":[],"yoast_head":"<!-- This site is optimized with the Yoast SEO plugin v27.3 - https:\/\/yoast.com\/product\/yoast-seo-wordpress\/ -->\n<title>I Wish that I had been Educated about Schizophrenia - CURESZ Foundation<\/title>\n<meta name=\"robots\" content=\"index, follow, max-snippet:-1, max-image-preview:large, max-video-preview:-1\" \/>\n<link rel=\"canonical\" href=\"https:\/\/curesz.org\/pt_pt\/newsletter\/i-wish-that-i-had-been-educated-about-schizophrenia\/\" \/>\n<meta property=\"og:locale\" content=\"pt_PT\" \/>\n<meta property=\"og:type\" content=\"article\" \/>\n<meta property=\"og:title\" content=\"I Wish that I had been Educated about Schizophrenia - CURESZ Foundation\" \/>\n<meta property=\"og:url\" content=\"https:\/\/curesz.org\/pt_pt\/newsletter\/i-wish-that-i-had-been-educated-about-schizophrenia\/\" \/>\n<meta property=\"og:site_name\" content=\"CURESZ Foundation\" \/>\n<meta property=\"article:publisher\" content=\"https:\/\/www.facebook.com\/Cureszorg\/\" \/>\n<meta property=\"article:modified_time\" content=\"2025-03-05T15:00:48+00:00\" \/>\n<meta name=\"twitter:card\" content=\"summary_large_image\" \/>\n<meta name=\"twitter:site\" content=\"@cureszorg\" \/>\n<script type=\"application\/ld+json\" class=\"yoast-schema-graph\">{\"@context\":\"https:\\\/\\\/schema.org\",\"@graph\":[{\"@type\":\"WebPage\",\"@id\":\"https:\\\/\\\/curesz.org\\\/newsletter\\\/i-wish-that-i-had-been-educated-about-schizophrenia\\\/\",\"url\":\"https:\\\/\\\/curesz.org\\\/newsletter\\\/i-wish-that-i-had-been-educated-about-schizophrenia\\\/\",\"name\":\"I Wish that I had been Educated about Schizophrenia - CURESZ Foundation\",\"isPartOf\":{\"@id\":\"https:\\\/\\\/curesz.org\\\/#website\"},\"datePublished\":\"2025-03-05T15:00:47+00:00\",\"dateModified\":\"2025-03-05T15:00:48+00:00\",\"breadcrumb\":{\"@id\":\"https:\\\/\\\/curesz.org\\\/newsletter\\\/i-wish-that-i-had-been-educated-about-schizophrenia\\\/#breadcrumb\"},\"inLanguage\":\"pt-PT\",\"potentialAction\":[{\"@type\":\"ReadAction\",\"target\":[\"https:\\\/\\\/curesz.org\\\/newsletter\\\/i-wish-that-i-had-been-educated-about-schizophrenia\\\/\"]}]},{\"@type\":\"BreadcrumbList\",\"@id\":\"https:\\\/\\\/curesz.org\\\/newsletter\\\/i-wish-that-i-had-been-educated-about-schizophrenia\\\/#breadcrumb\",\"itemListElement\":[{\"@type\":\"ListItem\",\"position\":1,\"name\":\"Home\",\"item\":\"https:\\\/\\\/curesz.org\\\/\"},{\"@type\":\"ListItem\",\"position\":2,\"name\":\"Newsletter\",\"item\":\"https:\\\/\\\/curesz.org\\\/newsletter\\\/\"},{\"@type\":\"ListItem\",\"position\":3,\"name\":\"I Wish that I had been Educated about Schizophrenia\"}]},{\"@type\":\"WebSite\",\"@id\":\"https:\\\/\\\/curesz.org\\\/#website\",\"url\":\"https:\\\/\\\/curesz.org\\\/\",\"name\":\"CURESZ Foundation\",\"description\":\"The CURESZ Foundation provides educational updates to patients, families, healthcare professionals and the general public about schizophrenia.\",\"publisher\":{\"@id\":\"https:\\\/\\\/curesz.org\\\/#organization\"},\"potentialAction\":[{\"@type\":\"SearchAction\",\"target\":{\"@type\":\"EntryPoint\",\"urlTemplate\":\"https:\\\/\\\/curesz.org\\\/?s={search_term_string}\"},\"query-input\":{\"@type\":\"PropertyValueSpecification\",\"valueRequired\":true,\"valueName\":\"search_term_string\"}}],\"inLanguage\":\"pt-PT\"},{\"@type\":\"Organization\",\"@id\":\"https:\\\/\\\/curesz.org\\\/#organization\",\"name\":\"Curesz Foundation\",\"url\":\"https:\\\/\\\/curesz.org\\\/\",\"logo\":{\"@type\":\"ImageObject\",\"inLanguage\":\"pt-PT\",\"@id\":\"https:\\\/\\\/curesz.org\\\/#\\\/schema\\\/logo\\\/image\\\/\",\"url\":\"https:\\\/\\\/curesz.org\\\/wp-content\\\/uploads\\\/2020\\\/02\\\/cropped-Logo-with-Foundation-Custom.png\",\"contentUrl\":\"https:\\\/\\\/curesz.org\\\/wp-content\\\/uploads\\\/2020\\\/02\\\/cropped-Logo-with-Foundation-Custom.png\",\"width\":200,\"height\":133,\"caption\":\"Curesz Foundation\"},\"image\":{\"@id\":\"https:\\\/\\\/curesz.org\\\/#\\\/schema\\\/logo\\\/image\\\/\"},\"sameAs\":[\"https:\\\/\\\/www.facebook.com\\\/Cureszorg\\\/\",\"https:\\\/\\\/x.com\\\/cureszorg\",\"https:\\\/\\\/www.instagram.com\\\/cureszfoundation\\\/\",\"https:\\\/\\\/www.youtube.com\\\/channel\\\/UCT3uVzTt8jiJ2qdhuosHPvg\"]}]}<\/script>\n<!-- \/ Yoast SEO plugin. -->","yoast_head_json":{"title":"I Wish that I had been Educated about Schizophrenia - CURESZ Foundation","robots":{"index":"index","follow":"follow","max-snippet":"max-snippet:-1","max-image-preview":"max-image-preview:large","max-video-preview":"max-video-preview:-1"},"canonical":"https:\/\/curesz.org\/pt_pt\/newsletter\/i-wish-that-i-had-been-educated-about-schizophrenia\/","og_locale":"pt_PT","og_type":"article","og_title":"I Wish that I had been Educated about Schizophrenia - CURESZ Foundation","og_url":"https:\/\/curesz.org\/pt_pt\/newsletter\/i-wish-that-i-had-been-educated-about-schizophrenia\/","og_site_name":"CURESZ Foundation","article_publisher":"https:\/\/www.facebook.com\/Cureszorg\/","article_modified_time":"2025-03-05T15:00:48+00:00","twitter_card":"summary_large_image","twitter_site":"@cureszorg","schema":{"@context":"https:\/\/schema.org","@graph":[{"@type":"WebPage","@id":"https:\/\/curesz.org\/newsletter\/i-wish-that-i-had-been-educated-about-schizophrenia\/","url":"https:\/\/curesz.org\/newsletter\/i-wish-that-i-had-been-educated-about-schizophrenia\/","name":"I Wish that I had been Educated about Schizophrenia - CURESZ Foundation","isPartOf":{"@id":"https:\/\/curesz.org\/#website"},"datePublished":"2025-03-05T15:00:47+00:00","dateModified":"2025-03-05T15:00:48+00:00","breadcrumb":{"@id":"https:\/\/curesz.org\/newsletter\/i-wish-that-i-had-been-educated-about-schizophrenia\/#breadcrumb"},"inLanguage":"pt-PT","potentialAction":[{"@type":"ReadAction","target":["https:\/\/curesz.org\/newsletter\/i-wish-that-i-had-been-educated-about-schizophrenia\/"]}]},{"@type":"BreadcrumbList","@id":"https:\/\/curesz.org\/newsletter\/i-wish-that-i-had-been-educated-about-schizophrenia\/#breadcrumb","itemListElement":[{"@type":"ListItem","position":1,"name":"Home","item":"https:\/\/curesz.org\/"},{"@type":"ListItem","position":2,"name":"Newsletter","item":"https:\/\/curesz.org\/newsletter\/"},{"@type":"ListItem","position":3,"name":"I Wish that I had been Educated about Schizophrenia"}]},{"@type":"WebSite","@id":"https:\/\/curesz.org\/#website","url":"https:\/\/curesz.org\/","name":"Funda\u00e7\u00e3o CURESZ","description":"A Funda\u00e7\u00e3o CURESZ fornece atualiza\u00e7\u00f5es educacionais para pacientes, familiares, profissionais de sa\u00fade e p\u00fablico em geral sobre esquizofrenia.","publisher":{"@id":"https:\/\/curesz.org\/#organization"},"potentialAction":[{"@type":"SearchAction","target":{"@type":"EntryPoint","urlTemplate":"https:\/\/curesz.org\/?s={search_term_string}"},"query-input":{"@type":"PropertyValueSpecification","valueRequired":true,"valueName":"search_term_string"}}],"inLanguage":"pt-PT"},{"@type":"Organization","@id":"https:\/\/curesz.org\/#organization","name":"Curesz Foundation","url":"https:\/\/curesz.org\/","logo":{"@type":"ImageObject","inLanguage":"pt-PT","@id":"https:\/\/curesz.org\/#\/schema\/logo\/image\/","url":"https:\/\/curesz.org\/wp-content\/uploads\/2020\/02\/cropped-Logo-with-Foundation-Custom.png","contentUrl":"https:\/\/curesz.org\/wp-content\/uploads\/2020\/02\/cropped-Logo-with-Foundation-Custom.png","width":200,"height":133,"caption":"Curesz Foundation"},"image":{"@id":"https:\/\/curesz.org\/#\/schema\/logo\/image\/"},"sameAs":["https:\/\/www.facebook.com\/Cureszorg\/","https:\/\/x.com\/cureszorg","https:\/\/www.instagram.com\/cureszfoundation\/","https:\/\/www.youtube.com\/channel\/UCT3uVzTt8jiJ2qdhuosHPvg"]}]}},"_links":{"self":[{"href":"https:\/\/curesz.org\/pt_pt\/wp-json\/wp\/v2\/pages\/6127","targetHints":{"allow":["GET"]}}],"collection":[{"href":"https:\/\/curesz.org\/pt_pt\/wp-json\/wp\/v2\/pages"}],"about":[{"href":"https:\/\/curesz.org\/pt_pt\/wp-json\/wp\/v2\/types\/page"}],"author":[{"embeddable":true,"href":"https:\/\/curesz.org\/pt_pt\/wp-json\/wp\/v2\/users\/3"}],"replies":[{"embeddable":true,"href":"https:\/\/curesz.org\/pt_pt\/wp-json\/wp\/v2\/comments?post=6127"}],"version-history":[{"count":1,"href":"https:\/\/curesz.org\/pt_pt\/wp-json\/wp\/v2\/pages\/6127\/revisions"}],"predecessor-version":[{"id":6129,"href":"https:\/\/curesz.org\/pt_pt\/wp-json\/wp\/v2\/pages\/6127\/revisions\/6129"}],"up":[{"embeddable":true,"href":"https:\/\/curesz.org\/pt_pt\/wp-json\/wp\/v2\/pages\/76"}],"wp:attachment":[{"href":"https:\/\/curesz.org\/pt_pt\/wp-json\/wp\/v2\/media?parent=6127"}],"curies":[{"name":"wp","href":"https:\/\/api.w.org\/{rel}","templated":true}]}}