{"id":6304,"date":"2025-05-23T16:25:30","date_gmt":"2025-05-23T20:25:30","guid":{"rendered":"https:\/\/curesz.org\/?page_id=6304"},"modified":"2026-03-03T09:00:54","modified_gmt":"2026-03-03T14:00:54","slug":"curesz-schizophrenia-colloquia","status":"publish","type":"page","link":"https:\/\/curesz.org\/pt_pt\/about\/curesz-schizophrenia-colloquia\/","title":{"rendered":"CURESZ Schizophrenia Colloquia"},"content":{"rendered":"<p><div class=\"fusion-fullwidth fullwidth-box fusion-builder-row-1 fusion-flex-container nonhundred-percent-fullwidth non-hundred-percent-height-scrolling\" style=\"--awb-border-radius-top-left:0px;--awb-border-radius-top-right:0px;--awb-border-radius-bottom-right:0px;--awb-border-radius-bottom-left:0px;--awb-flex-wrap:wrap;\" ><div class=\"fusion-builder-row fusion-row fusion-flex-align-items-flex-start fusion-flex-content-wrap\" style=\"max-width:1352px;margin-left: calc(-4% \/ 2 );margin-right: calc(-4% \/ 2 );\"><div class=\"fusion-layout-column fusion_builder_column fusion-builder-column-0 fusion_builder_column_1_4 1_4 fusion-flex-column\" style=\"--awb-bg-size:cover;--awb-width-large:25%;--awb-margin-top-large:0px;--awb-spacing-right-large:7.68%;--awb-margin-bottom-large:20px;--awb-spacing-left-large:7.68%;--awb-width-medium:100%;--awb-spacing-right-medium:1.92%;--awb-spacing-left-medium:1.92%;--awb-width-small:100%;--awb-spacing-right-small:1.92%;--awb-spacing-left-small:1.92%;\"><div class=\"fusion-column-wrapper fusion-column-has-shadow fusion-flex-justify-content-flex-start fusion-content-layout-column\"><div class=\"fusion-image-element\" style=\"--awb-caption-title-font-family:var(--h2_typography-font-family);--awb-caption-title-font-weight:var(--h2_typography-font-weight);--awb-caption-title-font-style:var(--h2_typography-font-style);--awb-caption-title-size:var(--h2_typography-font-size);--awb-caption-title-transform:var(--h2_typography-text-transform);--awb-caption-title-line-height:var(--h2_typography-line-height);--awb-caption-title-letter-spacing:var(--h2_typography-letter-spacing);\"><span class=\"fusion-imageframe imageframe-none imageframe-1 hover-type-none\"><img decoding=\"async\" width=\"481\" height=\"481\" title=\"Thre docs\" src=\"https:\/\/curesz.org\/wp-content\/uploads\/2025\/05\/Thre-docs.jpg\" data-orig-src=\"https:\/\/curesz.org\/wp-content\/uploads\/2025\/05\/Thre-docs.jpg\" alt class=\"lazyload img-responsive wp-image-6309\" srcset=\"data:image\/svg+xml,%3Csvg%20xmlns%3D%27http%3A%2F%2Fwww.w3.org%2F2000%2Fsvg%27%20width%3D%27481%27%20height%3D%27481%27%20viewBox%3D%270%200%20481%20481%27%3E%3Crect%20width%3D%27481%27%20height%3D%27481%27%20fill-opacity%3D%220%22%2F%3E%3C%2Fsvg%3E\" data-srcset=\"https:\/\/curesz.org\/wp-content\/uploads\/2025\/05\/Thre-docs-200x200.jpg 200w, https:\/\/curesz.org\/wp-content\/uploads\/2025\/05\/Thre-docs-400x400.jpg 400w, https:\/\/curesz.org\/wp-content\/uploads\/2025\/05\/Thre-docs.jpg 481w\" data-sizes=\"auto\" data-orig-sizes=\"(max-width: 1024px) 100vw, (max-width: 640px) 100vw, 400px\" \/><\/span><\/div><div class=\"fusion-text fusion-text-1\"><p><strong>Henry Nasrallah, Rajiv Tandon and Matcheri Keshavan<\/strong><\/p>\n<\/div><\/div><\/div><div class=\"fusion-layout-column fusion_builder_column fusion-builder-column-1 fusion_builder_column_3_4 3_4 fusion-flex-column\" style=\"--awb-bg-size:cover;--awb-width-large:75%;--awb-margin-top-large:0px;--awb-spacing-right-large:2.56%;--awb-margin-bottom-large:20px;--awb-spacing-left-large:2.56%;--awb-width-medium:100%;--awb-spacing-right-medium:1.92%;--awb-spacing-left-medium:1.92%;--awb-width-small:100%;--awb-spacing-right-small:1.92%;--awb-spacing-left-small:1.92%;\"><div class=\"fusion-column-wrapper fusion-column-has-shadow fusion-flex-justify-content-flex-start fusion-content-layout-column\"><div class=\"fusion-text fusion-text-2\"><p><strong>About the CURESZ Foundation Schizophrenia Colloquia<\/strong><\/p>\n<p>The CURESZ Foundation is pleased to have collaborated with board members Dr. Rajiv Tandon, Dr. Henry Nasrallah and Dr. Matcheri Keshavan to bring together some of the best researchers and clinicians in the world to discuss the future of research into schizophrenia. The colloquia are titled \u201cReinventing Schizophrenia: Updating the Construct.\u201d<\/p>\n<p><strong>About Schizophrenia<\/strong><\/p>\n<p>Affecting over 25 million people globally, schizophrenia is arguably the mental illness that has the most profound adverse impact on the ability of individuals to live productive and meaningful lives. Despite much investment over the past century, progress in our understanding of this condition has been slow and treatment development has yielded only modest improvements, with less than 20 percent of adults with schizophrenia around the world fully employed and independent today. Persons with schizophrenia continue to experience double the standardized mortality of the general population with approximately 15-year shortening of their life span. Over the approximately 125 years of intensive study, we have learned much about the nature of schizophrenia (etiology, pathophysiology, clinical manifestations, course, treatment, outcome), but we now seem to be at an impasse. This is despite the availability of powerful tools to investigate the human brain (mapped genome, artificial intelligence, range of imaging technologies, etc.).<\/p>\n<p><strong>2022 Colloquia<\/strong><\/p>\n<p>With the objective of making meaningful headway in breaking through the logjam, we assembled a group of 50 international experts and initiated a three-phase international project \u201cReinventing Schizophrenia: Updating the Construct\u201d in 2022 (details in Tandon et al., 2022, 2023). We invited commentaries from these experts on key questions in the field and compiled them in a special issue of Schizophrenia Research (Volume 242 published in April, 2022).<\/p>\n<p>After completion of phase-1, we conducted a set of three 6-hour structured virtual colloquia between July-September, 2022 that addressed three fundamental issues that needed to be resolved in order to break through the impasse in understanding and treatment development:<\/p>\n<ol>\n<li>What do we know about schizophrenia (\u201cjust the facts\u201d) and what they tell us about its nature<\/li>\n<li>What is\/are the current models of schizophrenia- definition, assumptions, explanatory and predictive potential, testability, comparisons<\/li>\n<li>What are current and emerging research modalities and approaches and how can they be most effectively applied to addressing key questions that need to be answered in order to more fully characterize schizophrenia and develop more specific, efficacious treatments<\/li>\n<\/ol>\n<p>Each of these virtual colloquia had 16-18 participants (carefully selected from the experts to address specific issues in the particular colloquium), and a detailed agenda with a set of ten focused presentations each followed by structured discussions. Much preparatory work preceded each virtual colloquium. The proceedings of each virtual colloquium were summarized.<\/p>\n<p><strong>2023 Colloquia <\/strong><\/p>\n<p>After completion of phase-1, a three-day in-person colloquium (Michigan Schizophrenia Colloquium) was conducted in Detroit, Michigan in 2023, in which 20 selected experts participated. Each of the sessions provided rich discussion and a set of take-home points and specific recommendations. Two major next steps were defined:<\/p>\n<ol>\n<li>Dissemination of results of the project thus far to both clinical and research audiences<\/li>\n<li>Continuing the expert colloquium process to further refine recommendations for specific needs and for specific audiences<\/li>\n<\/ol>\n<p>With regard to the second task, the following actions were recommended:<\/p>\n<ol>\n<li>Three mini-colloquia on focused topics with group of 12-15 specifically selected experts in 2024<\/li>\n<li>Follow-up colloquium of entire group in 2025<\/li>\n<\/ol>\n<p><strong>2024 Colloquia<\/strong><\/p>\n<p>In 2024, the CURESZ Foundation organized three colloquia in New York, Istanbul, Turkey and Bali.<\/p>\n<p>The New York mini-colloquium &#8220;Unmet Therapeutic Needs in Schizophrenia&#8221; with 10 faculty and four attendees from Boehringer Ingelheim was conducted on May 3, 2024. There was a critical review and vigorous discussion of precise definition of unmet needs, current strategies towards addressing these, best methods to address them today, and optimal approaches to develop better ones for the future. Several concrete deliverables from the mini-colloquium were outlined and implementation responsibilities were assigned, and timelines were defined.<\/p>\n<p>The Istanbul Colloquium, \u201cUpdating Diagnosis: Where Do We Go from Here\u201d was congregated on June 4, 2024. Two additional articles are in preparation\/review. The follow-up recommended actions are planned:<\/p>\n<ol>\n<li>White Paper on Key Questions and Challenges in the Study of Schizophrenia<\/li>\n<li>Research Agenda for Schizophrenia, Circa 2025 (how to more effectively develop agents\/strategies to address unmet therapeutic needs will be an important section)<\/li>\n<li>Guidance for Clinicians for Assessment and Treatment of Schizophrenia (segment on meeting unmet needs Today will be one key section)<\/li>\n<\/ol>\n<p>The Bali colloquium was the first of its kind in the Asia Pacific Zone and introduced the agenda and hoped-for deliverables, on December 4, 2024, titled \u201cAddressing Cross Cultural Challenges.\u201d The presentations by the various presenters were well-received and the discussions were extremely candid and productive. The following is a summary of what was agreed upon and action items:<\/p>\n<ol>\n<li>Participants agreed that the term \u201cschizophrenia\u201d should be retained for now as there is no currently better alternative, but concurrently felt the term was unsatisfactory; a change in name should await clarification of the concept.<\/li>\n<\/ol>\n<ol start=\"2\">\n<li>There was broad agreement of the \u201cwestern\u201d consensus conceptualization of schizophrenia (as articulated in the 2024 Schizophrenia Research article- this had been reviewed by all attendees) with the caveat that data about some aspects from the Asia-Pacific suggested minor variations or were lacking- \u201cthere are some differences in our data and we just don\u2019t have much data to support or contradict the findings from the west\u201d- on much \u201cwe just don\u2019t know\u201d &#8211; etiology, causation factors, treatment responses, and genetic research, neurobiology, or a biomarker for the disorder.<\/li>\n<\/ol>\n<ol start=\"3\">\n<li>There was agreement that schizophrenia is a group of disorders, and not a singular condition, with the following traits: No specific markers; No sufficient pathology; No sufficient etiology; Poor etiopathogenesis; Poor pathophysiologic chain; Extreme heterogeneity; Many diseases; No element is necessary or sufficient; The boundaries are fuzzy; Schizophrenia has multiple psychopathological dimensions; Psychosis should be still remain primary basis for its identification\/diagnosis.<\/li>\n<\/ol>\n<p><strong>2025 Colloquia (more to follow)<\/strong><\/p>\n<p>In 2025, the CURESZ Foundation organized colloquia in Los Angeles, Rome, Italy, and Boston.<\/p>\n<p>The first mini-colloquium in Los Angeles on \u201cDo all roads lead to (through) Dopamine\u201d was conducted with 18 experts (predominantly USA-based) on May 16, 2025, in conjunction with the 2025 annual meeting of the American Psychiatric Association. A publication summarizing the output has been submitted and is currently being reviewed by JAMA.<\/p>\n<p>The second mini-colloquium in Rome, Italy on \u201cEarly Intervention in Schizophrenia: Opportunities and Challenges\u201d was implemented with 18 international experts. A publication based on its proceedings is in preparation for submission to World Psychiatry.<\/p>\n<p>The three-day standalone colloquium on \u201cReimagining Schizophrenia: Resolving its complexities and Charting a Path Ahead\u201d was organized in Boston from December 12-14, 2025. In contrast to the 2023 colloquium that focused on developing a comprehensive, evidence-weighted synthesis of what is known about schizophrenia as a heterogeneous syndrome, (published in Schizophrenia Research, 2024, 264, 1-28), this colloquium went further by\u00a0<strong>explicitly articulating a trajectory for change. <\/strong>Specifically, it endorsed progressive deconstruction of the construct, incremental diagnostic reform, and a shift toward psychosis-spectrum and staging frameworks rather than continued refinement of the existing category. This will both enable meaningful advances in understanding and treatment development and also guide optimal clinical care. A major theme in this colloquium was the increasing gap between advances in our knowledge and understanding of schizophrenia on the one hand and the clinical care that we provide to those that we diagnose with this condition and the research that we conduct. Two manuscripts based on its proceedings are being developed.<\/p>\n<p>Additionally, three follow-up mini-colloquia to articulate formal guidance to the field on diagnosis, biological research, and treatment were recommended for 2026 and two mini-colloquia and a three-day full colloquium were recommended for 2027.<\/p>\n<\/div><\/div><\/div><\/div><\/div><div class=\"fusion-fullwidth fullwidth-box fusion-builder-row-2 fusion-flex-container hundred-percent-fullwidth non-hundred-percent-height-scrolling\" style=\"--awb-border-radius-top-left:0px;--awb-border-radius-top-right:0px;--awb-border-radius-bottom-right:0px;--awb-border-radius-bottom-left:0px;--awb-padding-top:0px;--awb-padding-right:0px;--awb-padding-bottom:0px;--awb-padding-left:0px;--awb-margin-top:0px;--awb-margin-bottom:0px;--awb-background-color:#015da7;--awb-flex-wrap:wrap;\" ><div class=\"fusion-builder-row fusion-row fusion-flex-align-items-flex-start fusion-flex-content-wrap\" style=\"width:104% !important;max-width:104% !important;margin-left: calc(-4% \/ 2 );margin-right: calc(-4% \/ 2 );\"><\/div><\/div>\n<\/p>","protected":false},"excerpt":{"rendered":"","protected":false},"author":3,"featured_media":0,"parent":27,"menu_order":0,"comment_status":"closed","ping_status":"closed","template":"100-width.php","meta":{"_acf_changed":false,"footnotes":""},"class_list":["post-6304","page","type-page","status-publish","hentry"],"acf":[],"yoast_head":"<!-- This site is optimized with the Yoast SEO plugin v27.3 - https:\/\/yoast.com\/product\/yoast-seo-wordpress\/ -->\n<title>CURESZ Schizophrenia Colloquia - CURESZ Foundation<\/title>\n<meta name=\"robots\" content=\"index, follow, max-snippet:-1, max-image-preview:large, max-video-preview:-1\" \/>\n<link rel=\"canonical\" href=\"https:\/\/curesz.org\/pt_pt\/about\/curesz-schizophrenia-colloquia\/\" \/>\n<meta property=\"og:locale\" content=\"pt_PT\" \/>\n<meta property=\"og:type\" content=\"article\" \/>\n<meta property=\"og:title\" content=\"CURESZ Schizophrenia Colloquia - CURESZ Foundation\" \/>\n<meta property=\"og:url\" content=\"https:\/\/curesz.org\/pt_pt\/about\/curesz-schizophrenia-colloquia\/\" \/>\n<meta property=\"og:site_name\" content=\"CURESZ Foundation\" \/>\n<meta property=\"article:publisher\" content=\"https:\/\/www.facebook.com\/Cureszorg\/\" \/>\n<meta property=\"article:modified_time\" content=\"2026-03-03T14:00:54+00:00\" \/>\n<meta name=\"twitter:card\" content=\"summary_large_image\" \/>\n<meta name=\"twitter:site\" content=\"@cureszorg\" \/>\n<script type=\"application\/ld+json\" class=\"yoast-schema-graph\">{\"@context\":\"https:\\\/\\\/schema.org\",\"@graph\":[{\"@type\":\"WebPage\",\"@id\":\"https:\\\/\\\/curesz.org\\\/about\\\/curesz-schizophrenia-colloquia\\\/\",\"url\":\"https:\\\/\\\/curesz.org\\\/about\\\/curesz-schizophrenia-colloquia\\\/\",\"name\":\"CURESZ Schizophrenia Colloquia - CURESZ Foundation\",\"isPartOf\":{\"@id\":\"https:\\\/\\\/curesz.org\\\/#website\"},\"datePublished\":\"2025-05-23T20:25:30+00:00\",\"dateModified\":\"2026-03-03T14:00:54+00:00\",\"breadcrumb\":{\"@id\":\"https:\\\/\\\/curesz.org\\\/about\\\/curesz-schizophrenia-colloquia\\\/#breadcrumb\"},\"inLanguage\":\"pt-PT\",\"potentialAction\":[{\"@type\":\"ReadAction\",\"target\":[\"https:\\\/\\\/curesz.org\\\/about\\\/curesz-schizophrenia-colloquia\\\/\"]}]},{\"@type\":\"BreadcrumbList\",\"@id\":\"https:\\\/\\\/curesz.org\\\/about\\\/curesz-schizophrenia-colloquia\\\/#breadcrumb\",\"itemListElement\":[{\"@type\":\"ListItem\",\"position\":1,\"name\":\"Home\",\"item\":\"https:\\\/\\\/curesz.org\\\/\"},{\"@type\":\"ListItem\",\"position\":2,\"name\":\"About\",\"item\":\"https:\\\/\\\/curesz.org\\\/about\\\/\"},{\"@type\":\"ListItem\",\"position\":3,\"name\":\"CURESZ Schizophrenia Colloquia\"}]},{\"@type\":\"WebSite\",\"@id\":\"https:\\\/\\\/curesz.org\\\/#website\",\"url\":\"https:\\\/\\\/curesz.org\\\/\",\"name\":\"CURESZ Foundation\",\"description\":\"The CURESZ Foundation provides educational updates to patients, families, healthcare professionals and the general public about schizophrenia.\",\"publisher\":{\"@id\":\"https:\\\/\\\/curesz.org\\\/#organization\"},\"potentialAction\":[{\"@type\":\"SearchAction\",\"target\":{\"@type\":\"EntryPoint\",\"urlTemplate\":\"https:\\\/\\\/curesz.org\\\/?s={search_term_string}\"},\"query-input\":{\"@type\":\"PropertyValueSpecification\",\"valueRequired\":true,\"valueName\":\"search_term_string\"}}],\"inLanguage\":\"pt-PT\"},{\"@type\":\"Organization\",\"@id\":\"https:\\\/\\\/curesz.org\\\/#organization\",\"name\":\"Curesz Foundation\",\"url\":\"https:\\\/\\\/curesz.org\\\/\",\"logo\":{\"@type\":\"ImageObject\",\"inLanguage\":\"pt-PT\",\"@id\":\"https:\\\/\\\/curesz.org\\\/#\\\/schema\\\/logo\\\/image\\\/\",\"url\":\"https:\\\/\\\/curesz.org\\\/wp-content\\\/uploads\\\/2020\\\/02\\\/cropped-Logo-with-Foundation-Custom.png\",\"contentUrl\":\"https:\\\/\\\/curesz.org\\\/wp-content\\\/uploads\\\/2020\\\/02\\\/cropped-Logo-with-Foundation-Custom.png\",\"width\":200,\"height\":133,\"caption\":\"Curesz Foundation\"},\"image\":{\"@id\":\"https:\\\/\\\/curesz.org\\\/#\\\/schema\\\/logo\\\/image\\\/\"},\"sameAs\":[\"https:\\\/\\\/www.facebook.com\\\/Cureszorg\\\/\",\"https:\\\/\\\/x.com\\\/cureszorg\",\"https:\\\/\\\/www.instagram.com\\\/cureszfoundation\\\/\",\"https:\\\/\\\/www.youtube.com\\\/channel\\\/UCT3uVzTt8jiJ2qdhuosHPvg\"]}]}<\/script>\n<!-- \/ Yoast SEO plugin. -->","yoast_head_json":{"title":"CURESZ Schizophrenia Colloquia - CURESZ Foundation","robots":{"index":"index","follow":"follow","max-snippet":"max-snippet:-1","max-image-preview":"max-image-preview:large","max-video-preview":"max-video-preview:-1"},"canonical":"https:\/\/curesz.org\/pt_pt\/about\/curesz-schizophrenia-colloquia\/","og_locale":"pt_PT","og_type":"article","og_title":"CURESZ Schizophrenia Colloquia - CURESZ Foundation","og_url":"https:\/\/curesz.org\/pt_pt\/about\/curesz-schizophrenia-colloquia\/","og_site_name":"CURESZ Foundation","article_publisher":"https:\/\/www.facebook.com\/Cureszorg\/","article_modified_time":"2026-03-03T14:00:54+00:00","twitter_card":"summary_large_image","twitter_site":"@cureszorg","schema":{"@context":"https:\/\/schema.org","@graph":[{"@type":"WebPage","@id":"https:\/\/curesz.org\/about\/curesz-schizophrenia-colloquia\/","url":"https:\/\/curesz.org\/about\/curesz-schizophrenia-colloquia\/","name":"CURESZ Schizophrenia Colloquia - CURESZ Foundation","isPartOf":{"@id":"https:\/\/curesz.org\/#website"},"datePublished":"2025-05-23T20:25:30+00:00","dateModified":"2026-03-03T14:00:54+00:00","breadcrumb":{"@id":"https:\/\/curesz.org\/about\/curesz-schizophrenia-colloquia\/#breadcrumb"},"inLanguage":"pt-PT","potentialAction":[{"@type":"ReadAction","target":["https:\/\/curesz.org\/about\/curesz-schizophrenia-colloquia\/"]}]},{"@type":"BreadcrumbList","@id":"https:\/\/curesz.org\/about\/curesz-schizophrenia-colloquia\/#breadcrumb","itemListElement":[{"@type":"ListItem","position":1,"name":"Home","item":"https:\/\/curesz.org\/"},{"@type":"ListItem","position":2,"name":"About","item":"https:\/\/curesz.org\/about\/"},{"@type":"ListItem","position":3,"name":"CURESZ Schizophrenia Colloquia"}]},{"@type":"WebSite","@id":"https:\/\/curesz.org\/#website","url":"https:\/\/curesz.org\/","name":"Funda\u00e7\u00e3o CURESZ","description":"A Funda\u00e7\u00e3o CURESZ fornece atualiza\u00e7\u00f5es educacionais para pacientes, familiares, profissionais de sa\u00fade e p\u00fablico em geral sobre esquizofrenia.","publisher":{"@id":"https:\/\/curesz.org\/#organization"},"potentialAction":[{"@type":"SearchAction","target":{"@type":"EntryPoint","urlTemplate":"https:\/\/curesz.org\/?s={search_term_string}"},"query-input":{"@type":"PropertyValueSpecification","valueRequired":true,"valueName":"search_term_string"}}],"inLanguage":"pt-PT"},{"@type":"Organization","@id":"https:\/\/curesz.org\/#organization","name":"Curesz Foundation","url":"https:\/\/curesz.org\/","logo":{"@type":"ImageObject","inLanguage":"pt-PT","@id":"https:\/\/curesz.org\/#\/schema\/logo\/image\/","url":"https:\/\/curesz.org\/wp-content\/uploads\/2020\/02\/cropped-Logo-with-Foundation-Custom.png","contentUrl":"https:\/\/curesz.org\/wp-content\/uploads\/2020\/02\/cropped-Logo-with-Foundation-Custom.png","width":200,"height":133,"caption":"Curesz Foundation"},"image":{"@id":"https:\/\/curesz.org\/#\/schema\/logo\/image\/"},"sameAs":["https:\/\/www.facebook.com\/Cureszorg\/","https:\/\/x.com\/cureszorg","https:\/\/www.instagram.com\/cureszfoundation\/","https:\/\/www.youtube.com\/channel\/UCT3uVzTt8jiJ2qdhuosHPvg"]}]}},"_links":{"self":[{"href":"https:\/\/curesz.org\/pt_pt\/wp-json\/wp\/v2\/pages\/6304","targetHints":{"allow":["GET"]}}],"collection":[{"href":"https:\/\/curesz.org\/pt_pt\/wp-json\/wp\/v2\/pages"}],"about":[{"href":"https:\/\/curesz.org\/pt_pt\/wp-json\/wp\/v2\/types\/page"}],"author":[{"embeddable":true,"href":"https:\/\/curesz.org\/pt_pt\/wp-json\/wp\/v2\/users\/3"}],"replies":[{"embeddable":true,"href":"https:\/\/curesz.org\/pt_pt\/wp-json\/wp\/v2\/comments?post=6304"}],"version-history":[{"count":8,"href":"https:\/\/curesz.org\/pt_pt\/wp-json\/wp\/v2\/pages\/6304\/revisions"}],"predecessor-version":[{"id":6818,"href":"https:\/\/curesz.org\/pt_pt\/wp-json\/wp\/v2\/pages\/6304\/revisions\/6818"}],"up":[{"embeddable":true,"href":"https:\/\/curesz.org\/pt_pt\/wp-json\/wp\/v2\/pages\/27"}],"wp:attachment":[{"href":"https:\/\/curesz.org\/pt_pt\/wp-json\/wp\/v2\/media?parent=6304"}],"curies":[{"name":"wp","href":"https:\/\/api.w.org\/{rel}","templated":true}]}}