{"id":6437,"date":"2025-06-16T11:12:00","date_gmt":"2025-06-16T15:12:00","guid":{"rendered":"https:\/\/curesz.org\/?page_id=6437"},"modified":"2025-06-16T11:42:03","modified_gmt":"2025-06-16T15:42:03","slug":"the-us-clozapine-package-insert-needs-major-changes","status":"publish","type":"page","link":"https:\/\/curesz.org\/pt_pt\/newsletter\/the-us-clozapine-package-insert-needs-major-changes\/","title":{"rendered":"The US Clozapine Package Insert Needs Major Changes"},"content":{"rendered":"<p><div class=\"fusion-fullwidth fullwidth-box fusion-builder-row-1 fusion-flex-container nonhundred-percent-fullwidth non-hundred-percent-height-scrolling\" style=\"--awb-border-radius-top-left:0px;--awb-border-radius-top-right:0px;--awb-border-radius-bottom-right:0px;--awb-border-radius-bottom-left:0px;--awb-flex-wrap:wrap;\" ><div class=\"fusion-builder-row fusion-row fusion-flex-align-items-flex-start fusion-flex-content-wrap\" style=\"max-width:1352px;margin-left: calc(-4% \/ 2 );margin-right: calc(-4% \/ 2 );\"><div class=\"fusion-layout-column fusion_builder_column fusion-builder-column-0 fusion_builder_column_1_4 1_4 fusion-flex-column\" style=\"--awb-bg-size:cover;--awb-width-large:25%;--awb-margin-top-large:0px;--awb-spacing-right-large:7.68%;--awb-margin-bottom-large:20px;--awb-spacing-left-large:7.68%;--awb-width-medium:100%;--awb-spacing-right-medium:1.92%;--awb-spacing-left-medium:1.92%;--awb-width-small:100%;--awb-spacing-right-small:1.92%;--awb-spacing-left-small:1.92%;\"><div class=\"fusion-column-wrapper fusion-column-has-shadow fusion-flex-justify-content-flex-start fusion-content-layout-column\"><div class=\"fusion-image-element\" style=\"--awb-caption-title-font-family:var(--h2_typography-font-family);--awb-caption-title-font-weight:var(--h2_typography-font-weight);--awb-caption-title-font-style:var(--h2_typography-font-style);--awb-caption-title-size:var(--h2_typography-font-size);--awb-caption-title-transform:var(--h2_typography-text-transform);--awb-caption-title-line-height:var(--h2_typography-line-height);--awb-caption-title-letter-spacing:var(--h2_typography-letter-spacing);\"><span class=\"fusion-imageframe imageframe-none imageframe-1 hover-type-none\"><img decoding=\"async\" width=\"450\" height=\"450\" title=\"De Leon JPEG cropped\" src=\"https:\/\/curesz.org\/wp-content\/uploads\/2025\/06\/De-Leon-JPEG-cropped.jpg\" data-orig-src=\"https:\/\/curesz.org\/wp-content\/uploads\/2025\/06\/De-Leon-JPEG-cropped.jpg\" alt class=\"lazyload img-responsive wp-image-6438\" srcset=\"data:image\/svg+xml,%3Csvg%20xmlns%3D%27http%3A%2F%2Fwww.w3.org%2F2000%2Fsvg%27%20width%3D%27450%27%20height%3D%27450%27%20viewBox%3D%270%200%20450%20450%27%3E%3Crect%20width%3D%27450%27%20height%3D%27450%27%20fill-opacity%3D%220%22%2F%3E%3C%2Fsvg%3E\" data-srcset=\"https:\/\/curesz.org\/wp-content\/uploads\/2025\/06\/De-Leon-JPEG-cropped-200x200.jpg 200w, https:\/\/curesz.org\/wp-content\/uploads\/2025\/06\/De-Leon-JPEG-cropped-400x400.jpg 400w, https:\/\/curesz.org\/wp-content\/uploads\/2025\/06\/De-Leon-JPEG-cropped.jpg 450w\" data-sizes=\"auto\" data-orig-sizes=\"(max-width: 1024px) 100vw, (max-width: 640px) 100vw, 400px\" \/><\/span><\/div><div class=\"fusion-text fusion-text-1\"><p><strong>Jose De Leon, MD<\/strong><\/p>\n<\/div><\/div><\/div><div class=\"fusion-layout-column fusion_builder_column fusion-builder-column-1 fusion_builder_column_3_4 3_4 fusion-flex-column\" style=\"--awb-bg-size:cover;--awb-width-large:75%;--awb-margin-top-large:0px;--awb-spacing-right-large:2.56%;--awb-margin-bottom-large:20px;--awb-spacing-left-large:2.56%;--awb-width-medium:100%;--awb-spacing-right-medium:1.92%;--awb-spacing-left-medium:1.92%;--awb-width-small:100%;--awb-spacing-right-small:1.92%;--awb-spacing-left-small:1.92%;\"><div class=\"fusion-column-wrapper fusion-column-has-shadow fusion-flex-justify-content-flex-start fusion-content-layout-column\"><div class=\"fusion-text fusion-text-2\"><p><strong>The US Clozapine Package Insert Needs Major Changes<br \/>\n<\/strong>By Jose De Leon<\/p>\n<p><strong>Clozapine\u2019s Package Insert<\/strong><\/p>\n<p>Clozapine is an antipsychotic approved for two conditions: treatment-resistant schizophrenia (TRS) and reducing suicidal behavior in schizophrenia. No other antipsychotics are approved treatments for these conditions. In the United States, the Food and Drug Administration (FDA) approves drugs. In 1989, the FDA approved clozapine for TRS using a study headed by Dr. John Kane. In 2003, the FDA added the other condition, suicidal behavior. To gain approval, the marketing pharmaceutical company must develop a complex bureaucratic document called a package insert, or drug label. In the FDA\u2019s view, package inserts educate prescribers in a drug\u2019s pharmacology. In reality, package inserts are seriously hampered by extreme length and complexity. However, all US prescribers know that lawyers can use package inserts against them in court. Package inserts use boxed warnings (previously called black boxes) for potentially lethal adverse drug reactions (ADRs).<\/p>\n<p><strong>Clozapine\u2019s History<\/strong><\/p>\n<p>In 1975, after clozapine was marketed in Europe, the Finnish drug agency reported eight deaths associated with agranulocytosis in clozapine-treated patients, leading to the cessation of US studies. Agranulocytosis refers to a significant decrease in some white blood cells (WBCs) called neutrophils, needed to fight infections. FDA approval required a complex hematological monitoring system, the use of a centralized database for WBC counts, and a boxed warning for agranulocytosis.<\/p>\n<p><strong>Clozapine Was Not Studied as Current Drugs are Studied <\/strong><\/p>\n<p>The introduction of new drugs in the US now requires more sophisticated studies than those completed for clozapine. They include studies on: 1) basic pharmacology, and 2) ADRs. Furthermore, after marketing, the FDA is required to monitor potentially lethal ADRs in a process called pharmacovigilance and modify the boxed warnings accordingly. Pharmacovigilance varies in other national drug agencies, based on economic resources. ADR reports from all drug agencies are sent to the international database, called VigiBase, which is managed by the World Health Organization (WHO).<\/p>\n<p><strong>My History and Clozapine<\/strong><\/p>\n<p>In 1987, after being trained in medicine and psychiatry in Spain, I trained in Philadelphia as a clinical scientist in psychiatry. \u00a0My Spanish wife and I had no choice but to stay in the US, as the Spanish university did not hire me to teach. Our first two children were born in Philadelphia during our first nine years (1987-1995) in the US.\u00a0 I conducted research in state hospitals, including supervising a clozapine study for five years for my boss, Dr. George Simpson, who published the first clozapine study in the US. In 1996, we moved to Lexington, Kentucky, where our youngest daughter was born. First, I managed a 30-bed unit for treatment-refractory patients at Eastern State Hospital. I converted it to a research unit by measuring blood levels and adding a laboratory to research genes that control the medication metabolism process. Second, over the last 20 years, I worked as a consultant for the state of Kentucky: 1) helping with the most difficult cases at the state mental health facilities, 2) reviewing patient deaths, 3) and developing pharmacological guidelines.<\/p>\n<p><strong>Prior Major Clozapine Articles<\/strong><\/p>\n<p>In 2019, I wrote an editorial on clozapine package inserts proposing that: 1) patients of Asian ancestry only need half the US-recommended dosage, 2) slower personalized titrations prevent clozapine-induced myocarditis (an inflammation of the heart), and 3) pneumonia is the most frequent cause of death in clozapine-treated patients. During severe infections, including pneumonia, the body\u2019s ability to metabolize clozapine is impaired, so if clozapine dosing is not stopped or decreased, the patient develops a very dangerous combination of pneumonia and clozapine intoxication.\u00a0 After 9 rejections of my editorial, the 10<sup>\u00ba<\/sup> version<sup>1<\/sup> was published in <em>Pesquisa sobre esquizofrenia<\/em> (a journal founded by Drs. Nasrallah and DeLisi) and included Dr. Kane as an author. The gracious support of Dr. Kane had little impact on the FDA and clozapine experts worldwide.<\/p>\n<p>In VigiBase, until 2019, among worldwide clozapine-treated patients, there were 1) 34,491 reports of agranulocytosis with 550 deaths, and 2) 6,983 reports of pneumonia with 2,077 deaths. In February 2020, the editor of the journal that published our article sent it to a psychiatric colleague working at the FDA. The FDA psychiatrist informed me that the article was forwarded to the clozapine team, but I should not expect to hear back from them. \u00a0I was relieved; the COVID-19 pandemic was starting and it could cause COVID-19 pneumonia in clozapine-treated patients. I thought the FDA might choose to save thousands of lives worldwide by modifying the clozapine package insert. I was wrong; nothing happened.<\/p>\n<p>In 2022, I published an international guideline with 104 authors from 50 countries\/regions about personalizing clozapine dosing and titrations.<sup>2<\/sup> In the spring of 2023, the FDA asked the company in charge for some changes in the package insert. The FDA sent this international guideline to the company. In another e-mail the FDA sent 6 articles on pneumonia, 3 written by me. The company asked for my help with the FDA changes. I spent many hours improving and updating the package insert, but the company told me the FDA rejected all my changes. The FDA rejected my suggestions regarding pneumonia which were based on my 3 published articles which had been sent to the company by the FDA. \u00a0Instead, the FDA proposed a paragraph on pneumonia that was not based on the literature and was confusing for clinicians.<sup>3<\/sup><\/p>\n<p><strong>A Major Step in May 2025<\/strong><\/p>\n<p>In May 2025, in response to the inaction of the FDA, we published a two-part article proposing that the clozapine package insert needed major changes in the sections on pharmacology<sup>4<\/sup> and potentially lethal ADRs.<sup>3<\/sup> The article includes an encyclopedic review of the literature, has 40 authors including most of the US clozapine experts and is supported by 123 letters of recommendation from international experts from 44 countries\/regions.<\/p>\n<p><strong>The US Package Insert\u2019s Weakness Regarding Basic Pharmacology\u00a0 <\/strong><\/p>\n<p>In 1989, the manner in which enzymes process drugs, including clozapine, was unknown, so clozapine was introduced with limited studies. Our proposed package insert modifications include:<sup>4<\/sup> \u00a01) an explanation that clozapine is mainly metabolized by one liver enzyme, called CYP1A2; 2) an updated list of drug-drug interactions; 3) a warning that infections may decrease CYP1A2 activity and increase the risk of clozapine intoxication; 4) a warning that obesity may decrease CYP1A2 activity; 5) an acknowledgment that patients of Asian or Native American ancestry have lower CYP1A2 activity and need lower doses; and 6) a recommendation that personalized titrations with monitoring of a blood protein (c-reactive protein) for inflammation should be considered until prospective studies are available.<\/p>\n<p><strong>The US Package Insert\u2019s 5 Boxed Warnings <\/strong><\/p>\n<p>The first boxed warning concerned agranulocytosis. Over time, the FDA added 3 more boxed warnings for seizures, hypotension, and myocarditis. No other antipsychotics had boxed warnings, but in 2005, the FDA added another boxed warning for all second-generation antipsychotics, including clozapine, regarding the risk of death in elderly patients with dementia.<\/p>\n<p>The FDA has approved the elimination of the hematological monitoring database, but as of today (June 10, 2025), this has not been implemented in the package insert. In our article,<sup>3<\/sup> we propose that the package insert should focus on saving lives when pneumonia or other severe infections are present, as they kill many more clozapine-treated patients in the US than agranulocytosis.<\/p>\n<p><strong>Apology<\/strong><\/p>\n<p>I am convinced that, since 2019, thousands of fatal cases of infection in clozapine-treated patients could have been prevented worldwide if the FDA had modified the package insert. Other drug agencies would have followed the example of the FDA. I do not know how to apologize to patients and families of clozapine-treated patients around the world who have suffered or died due to my inability to convince the FDA. At least I would like to apologize to you, the readers of this newsletter. The Trump administration appointed a new FDA Commissioner on April 1 who says that he wants to reform the FDA, but the outcome is currently unknown. I do not know whether or not our two-part clozapine article will have any impact on the FDA. I can only promise you that I will keep trying to modify the US clozapine package insert. Clozapine experts from other countries are hoping for that modification, so they can convince their drug agencies, too.<\/p>\n<p><strong>Refer\u00eancias <\/strong><\/p>\n<ol>\n<li>de Leon, J., Ruan, C. J., Schoretsanitis, G., &amp; Kane, J. M. (2020). \u201cDose and safety concerns of clozapine: Worldwide package inserts need revisions.\u201d <em>Pesquisa sobre esquizofrenia<\/em>, 216, 2\u20134. <a href=\"https:\/\/doi.org\/10.1016\/j.schres.2019.12.009\">https:\/\/doi.org\/10.1016\/j.schres.2019.12.009<\/a><\/li>\n<li>de Leon, J., Schoretsanitis, G., Smith, R. L., \u2026 M\u00fcller, D. J. (2022). An international adult guideline for making clozapine titration safer by using six ancestry-based personalized dosing titrations, CRP, and clozapine levels. <em>Pharmacopsychiatry, <\/em>55(2), 73\u201386. <a href=\"https:\/\/doi.org\/10.1055\/a-1625-6388\">https:\/\/doi.org\/10.1055\/a-1625-6388<\/a>.<\/li>\n<li>de Leon, J., Baldessarini, R. J., Balon, R., \u2026 De Las Cuevas, C. (2025). Letter to the FDA proposing major changes in the US clozapine package insert supported by clozapine experts worldwide. Part II: a review of fatal outcomes in US pharmacovigilance data and proposed changes. <em>Journal of Clinical Psychopharmacology,<\/em> 45(3), 197\u2013218. <a href=\"https:\/\/doi.org\/10.1097\/JCP.0000000000001990\">https:\/\/doi.org\/10.1097\/JCP.0000000000001990<\/a>. Freely available.<\/li>\n<\/ol>\n<ol start=\"4\">\n<li>de Leon, J., Baldessarini, R. J., Balon, R., \u2026 De Las Cuevas, C. (2025). Letter to the FDA proposing major changes in the US clozapine package insert supported by clozapine experts worldwide. Part I: a review of fatal outcomes in US pharmacovigilance data and proposed changes. <em>Journal of Clinical Psychopharmacology,<\/em> 45(3), 179-196. <a href=\"https:\/\/doi.org\/10.1097\/JCP.0000000000001987\">https:\/\/doi.org\/10.1097\/JCP.0000000000001987<\/a>. Freely available due to the generosity of the CURESZ Foundation.<\/li>\n<\/ol>\n<\/div><\/div><\/div><\/div><\/div><div class=\"fusion-fullwidth fullwidth-box fusion-builder-row-2 fusion-flex-container hundred-percent-fullwidth non-hundred-percent-height-scrolling\" style=\"--awb-border-radius-top-left:0px;--awb-border-radius-top-right:0px;--awb-border-radius-bottom-right:0px;--awb-border-radius-bottom-left:0px;--awb-padding-top:0px;--awb-padding-right:0px;--awb-padding-bottom:0px;--awb-padding-left:0px;--awb-margin-top:0px;--awb-margin-bottom:0px;--awb-background-color:#015da7;--awb-flex-wrap:wrap;\" ><div class=\"fusion-builder-row fusion-row fusion-flex-align-items-flex-start fusion-flex-content-wrap\" style=\"width:104% !important;max-width:104% !important;margin-left: calc(-4% \/ 2 );margin-right: calc(-4% \/ 2 );\"><\/div><\/div>\n<\/p>","protected":false},"excerpt":{"rendered":"","protected":false},"author":3,"featured_media":0,"parent":76,"menu_order":0,"comment_status":"closed","ping_status":"closed","template":"100-width.php","meta":{"_acf_changed":false,"footnotes":""},"class_list":["post-6437","page","type-page","status-publish","hentry"],"acf":[],"yoast_head":"<!-- This site is optimized with the Yoast SEO plugin v27.4 - https:\/\/yoast.com\/product\/yoast-seo-wordpress\/ -->\n<title>The US Clozapine Package Insert Needs Major Changes - CURESZ Foundation<\/title>\n<meta name=\"robots\" content=\"index, follow, max-snippet:-1, max-image-preview:large, max-video-preview:-1\" \/>\n<link rel=\"canonical\" href=\"https:\/\/curesz.org\/pt_pt\/newsletter\/the-us-clozapine-package-insert-needs-major-changes\/\" \/>\n<meta property=\"og:locale\" content=\"pt_PT\" \/>\n<meta property=\"og:type\" content=\"article\" \/>\n<meta property=\"og:title\" content=\"The US Clozapine Package Insert Needs Major Changes - CURESZ Foundation\" \/>\n<meta property=\"og:url\" content=\"https:\/\/curesz.org\/pt_pt\/newsletter\/the-us-clozapine-package-insert-needs-major-changes\/\" \/>\n<meta property=\"og:site_name\" content=\"CURESZ Foundation\" \/>\n<meta property=\"article:publisher\" content=\"https:\/\/www.facebook.com\/Cureszorg\/\" \/>\n<meta property=\"article:modified_time\" content=\"2025-06-16T15:42:03+00:00\" \/>\n<meta name=\"twitter:card\" content=\"summary_large_image\" \/>\n<meta name=\"twitter:site\" content=\"@cureszorg\" \/>\n<meta name=\"twitter:label1\" content=\"Tempo estimado de leitura\" \/>\n\t<meta name=\"twitter:data1\" content=\"7 minutos\" \/>\n<script type=\"application\/ld+json\" class=\"yoast-schema-graph\">{\"@context\":\"https:\\\/\\\/schema.org\",\"@graph\":[{\"@type\":\"WebPage\",\"@id\":\"https:\\\/\\\/curesz.org\\\/newsletter\\\/the-us-clozapine-package-insert-needs-major-changes\\\/\",\"url\":\"https:\\\/\\\/curesz.org\\\/newsletter\\\/the-us-clozapine-package-insert-needs-major-changes\\\/\",\"name\":\"The US Clozapine Package Insert Needs Major Changes - CURESZ Foundation\",\"isPartOf\":{\"@id\":\"https:\\\/\\\/curesz.org\\\/#website\"},\"datePublished\":\"2025-06-16T15:12:00+00:00\",\"dateModified\":\"2025-06-16T15:42:03+00:00\",\"breadcrumb\":{\"@id\":\"https:\\\/\\\/curesz.org\\\/newsletter\\\/the-us-clozapine-package-insert-needs-major-changes\\\/#breadcrumb\"},\"inLanguage\":\"pt-PT\",\"potentialAction\":[{\"@type\":\"ReadAction\",\"target\":[\"https:\\\/\\\/curesz.org\\\/newsletter\\\/the-us-clozapine-package-insert-needs-major-changes\\\/\"]}]},{\"@type\":\"BreadcrumbList\",\"@id\":\"https:\\\/\\\/curesz.org\\\/newsletter\\\/the-us-clozapine-package-insert-needs-major-changes\\\/#breadcrumb\",\"itemListElement\":[{\"@type\":\"ListItem\",\"position\":1,\"name\":\"Home\",\"item\":\"https:\\\/\\\/curesz.org\\\/\"},{\"@type\":\"ListItem\",\"position\":2,\"name\":\"Newsletter\",\"item\":\"https:\\\/\\\/curesz.org\\\/newsletter\\\/\"},{\"@type\":\"ListItem\",\"position\":3,\"name\":\"The US Clozapine Package Insert Needs Major Changes\"}]},{\"@type\":\"WebSite\",\"@id\":\"https:\\\/\\\/curesz.org\\\/#website\",\"url\":\"https:\\\/\\\/curesz.org\\\/\",\"name\":\"CURESZ Foundation\",\"description\":\"The CURESZ Foundation provides educational updates to patients, families, healthcare professionals and the general public about schizophrenia.\",\"publisher\":{\"@id\":\"https:\\\/\\\/curesz.org\\\/#organization\"},\"potentialAction\":[{\"@type\":\"SearchAction\",\"target\":{\"@type\":\"EntryPoint\",\"urlTemplate\":\"https:\\\/\\\/curesz.org\\\/?s={search_term_string}\"},\"query-input\":{\"@type\":\"PropertyValueSpecification\",\"valueRequired\":true,\"valueName\":\"search_term_string\"}}],\"inLanguage\":\"pt-PT\"},{\"@type\":\"Organization\",\"@id\":\"https:\\\/\\\/curesz.org\\\/#organization\",\"name\":\"Curesz Foundation\",\"url\":\"https:\\\/\\\/curesz.org\\\/\",\"logo\":{\"@type\":\"ImageObject\",\"inLanguage\":\"pt-PT\",\"@id\":\"https:\\\/\\\/curesz.org\\\/#\\\/schema\\\/logo\\\/image\\\/\",\"url\":\"https:\\\/\\\/curesz.org\\\/wp-content\\\/uploads\\\/2020\\\/02\\\/cropped-Logo-with-Foundation-Custom.png\",\"contentUrl\":\"https:\\\/\\\/curesz.org\\\/wp-content\\\/uploads\\\/2020\\\/02\\\/cropped-Logo-with-Foundation-Custom.png\",\"width\":200,\"height\":133,\"caption\":\"Curesz Foundation\"},\"image\":{\"@id\":\"https:\\\/\\\/curesz.org\\\/#\\\/schema\\\/logo\\\/image\\\/\"},\"sameAs\":[\"https:\\\/\\\/www.facebook.com\\\/Cureszorg\\\/\",\"https:\\\/\\\/x.com\\\/cureszorg\",\"https:\\\/\\\/www.instagram.com\\\/cureszfoundation\\\/\",\"https:\\\/\\\/www.youtube.com\\\/channel\\\/UCT3uVzTt8jiJ2qdhuosHPvg\"]}]}<\/script>\n<!-- \/ Yoast SEO plugin. -->","yoast_head_json":{"title":"The US Clozapine Package Insert Needs Major Changes - CURESZ Foundation","robots":{"index":"index","follow":"follow","max-snippet":"max-snippet:-1","max-image-preview":"max-image-preview:large","max-video-preview":"max-video-preview:-1"},"canonical":"https:\/\/curesz.org\/pt_pt\/newsletter\/the-us-clozapine-package-insert-needs-major-changes\/","og_locale":"pt_PT","og_type":"article","og_title":"The US Clozapine Package Insert Needs Major Changes - CURESZ Foundation","og_url":"https:\/\/curesz.org\/pt_pt\/newsletter\/the-us-clozapine-package-insert-needs-major-changes\/","og_site_name":"CURESZ Foundation","article_publisher":"https:\/\/www.facebook.com\/Cureszorg\/","article_modified_time":"2025-06-16T15:42:03+00:00","twitter_card":"summary_large_image","twitter_site":"@cureszorg","twitter_misc":{"Tempo estimado de leitura":"7 minutos"},"schema":{"@context":"https:\/\/schema.org","@graph":[{"@type":"WebPage","@id":"https:\/\/curesz.org\/newsletter\/the-us-clozapine-package-insert-needs-major-changes\/","url":"https:\/\/curesz.org\/newsletter\/the-us-clozapine-package-insert-needs-major-changes\/","name":"The US Clozapine Package Insert Needs Major Changes - CURESZ Foundation","isPartOf":{"@id":"https:\/\/curesz.org\/#website"},"datePublished":"2025-06-16T15:12:00+00:00","dateModified":"2025-06-16T15:42:03+00:00","breadcrumb":{"@id":"https:\/\/curesz.org\/newsletter\/the-us-clozapine-package-insert-needs-major-changes\/#breadcrumb"},"inLanguage":"pt-PT","potentialAction":[{"@type":"ReadAction","target":["https:\/\/curesz.org\/newsletter\/the-us-clozapine-package-insert-needs-major-changes\/"]}]},{"@type":"BreadcrumbList","@id":"https:\/\/curesz.org\/newsletter\/the-us-clozapine-package-insert-needs-major-changes\/#breadcrumb","itemListElement":[{"@type":"ListItem","position":1,"name":"Home","item":"https:\/\/curesz.org\/"},{"@type":"ListItem","position":2,"name":"Newsletter","item":"https:\/\/curesz.org\/newsletter\/"},{"@type":"ListItem","position":3,"name":"The US Clozapine Package Insert Needs Major Changes"}]},{"@type":"WebSite","@id":"https:\/\/curesz.org\/#website","url":"https:\/\/curesz.org\/","name":"Funda\u00e7\u00e3o CURESZ","description":"A Funda\u00e7\u00e3o CURESZ fornece atualiza\u00e7\u00f5es educacionais para pacientes, familiares, profissionais de sa\u00fade e p\u00fablico em geral sobre esquizofrenia.","publisher":{"@id":"https:\/\/curesz.org\/#organization"},"potentialAction":[{"@type":"SearchAction","target":{"@type":"EntryPoint","urlTemplate":"https:\/\/curesz.org\/?s={search_term_string}"},"query-input":{"@type":"PropertyValueSpecification","valueRequired":true,"valueName":"search_term_string"}}],"inLanguage":"pt-PT"},{"@type":"Organization","@id":"https:\/\/curesz.org\/#organization","name":"Curesz Foundation","url":"https:\/\/curesz.org\/","logo":{"@type":"ImageObject","inLanguage":"pt-PT","@id":"https:\/\/curesz.org\/#\/schema\/logo\/image\/","url":"https:\/\/curesz.org\/wp-content\/uploads\/2020\/02\/cropped-Logo-with-Foundation-Custom.png","contentUrl":"https:\/\/curesz.org\/wp-content\/uploads\/2020\/02\/cropped-Logo-with-Foundation-Custom.png","width":200,"height":133,"caption":"Curesz Foundation"},"image":{"@id":"https:\/\/curesz.org\/#\/schema\/logo\/image\/"},"sameAs":["https:\/\/www.facebook.com\/Cureszorg\/","https:\/\/x.com\/cureszorg","https:\/\/www.instagram.com\/cureszfoundation\/","https:\/\/www.youtube.com\/channel\/UCT3uVzTt8jiJ2qdhuosHPvg"]}]}},"_links":{"self":[{"href":"https:\/\/curesz.org\/pt_pt\/wp-json\/wp\/v2\/pages\/6437","targetHints":{"allow":["GET"]}}],"collection":[{"href":"https:\/\/curesz.org\/pt_pt\/wp-json\/wp\/v2\/pages"}],"about":[{"href":"https:\/\/curesz.org\/pt_pt\/wp-json\/wp\/v2\/types\/page"}],"author":[{"embeddable":true,"href":"https:\/\/curesz.org\/pt_pt\/wp-json\/wp\/v2\/users\/3"}],"replies":[{"embeddable":true,"href":"https:\/\/curesz.org\/pt_pt\/wp-json\/wp\/v2\/comments?post=6437"}],"version-history":[{"count":3,"href":"https:\/\/curesz.org\/pt_pt\/wp-json\/wp\/v2\/pages\/6437\/revisions"}],"predecessor-version":[{"id":6455,"href":"https:\/\/curesz.org\/pt_pt\/wp-json\/wp\/v2\/pages\/6437\/revisions\/6455"}],"up":[{"embeddable":true,"href":"https:\/\/curesz.org\/pt_pt\/wp-json\/wp\/v2\/pages\/76"}],"wp:attachment":[{"href":"https:\/\/curesz.org\/pt_pt\/wp-json\/wp\/v2\/media?parent=6437"}],"curies":[{"name":"wp","href":"https:\/\/api.w.org\/{rel}","templated":true}]}}