{"id":6446,"date":"2025-06-16T11:32:21","date_gmt":"2025-06-16T15:32:21","guid":{"rendered":"https:\/\/curesz.org\/?page_id=6446"},"modified":"2025-06-17T12:55:04","modified_gmt":"2025-06-17T16:55:04","slug":"commentary-on-the-story-of-rose-mcduff","status":"publish","type":"page","link":"https:\/\/curesz.org\/pt_pt\/newsletter\/commentary-on-the-story-of-rose-mcduff\/","title":{"rendered":"Commentary on the Story of Rose McDuff"},"content":{"rendered":"<p><div class=\"fusion-fullwidth fullwidth-box fusion-builder-row-1 fusion-flex-container nonhundred-percent-fullwidth non-hundred-percent-height-scrolling\" style=\"--awb-border-radius-top-left:0px;--awb-border-radius-top-right:0px;--awb-border-radius-bottom-right:0px;--awb-border-radius-bottom-left:0px;--awb-flex-wrap:wrap;\" ><div class=\"fusion-builder-row fusion-row fusion-flex-align-items-flex-start fusion-flex-content-wrap\" style=\"max-width:1352px;margin-left: calc(-4% \/ 2 );margin-right: calc(-4% \/ 2 );\"><div class=\"fusion-layout-column fusion_builder_column fusion-builder-column-0 fusion_builder_column_1_4 1_4 fusion-flex-column\" style=\"--awb-bg-size:cover;--awb-width-large:25%;--awb-margin-top-large:0px;--awb-spacing-right-large:7.68%;--awb-margin-bottom-large:20px;--awb-spacing-left-large:7.68%;--awb-width-medium:100%;--awb-spacing-right-medium:1.92%;--awb-spacing-left-medium:1.92%;--awb-width-small:100%;--awb-spacing-right-small:1.92%;--awb-spacing-left-small:1.92%;\"><div class=\"fusion-column-wrapper fusion-column-has-shadow fusion-flex-justify-content-flex-start fusion-content-layout-column\"><div class=\"fusion-image-element\" style=\"--awb-caption-title-font-family:var(--h2_typography-font-family);--awb-caption-title-font-weight:var(--h2_typography-font-weight);--awb-caption-title-font-style:var(--h2_typography-font-style);--awb-caption-title-size:var(--h2_typography-font-size);--awb-caption-title-transform:var(--h2_typography-text-transform);--awb-caption-title-line-height:var(--h2_typography-line-height);--awb-caption-title-letter-spacing:var(--h2_typography-letter-spacing);\"><span class=\"fusion-imageframe imageframe-none imageframe-1 hover-type-none\"><img decoding=\"async\" width=\"286\" height=\"322\" title=\"North board\" src=\"https:\/\/curesz.org\/wp-content\/uploads\/2025\/06\/North-board.jpg\" data-orig-src=\"https:\/\/curesz.org\/wp-content\/uploads\/2025\/06\/North-board.jpg\" alt class=\"lazyload img-responsive wp-image-6447\" srcset=\"data:image\/svg+xml,%3Csvg%20xmlns%3D%27http%3A%2F%2Fwww.w3.org%2F2000%2Fsvg%27%20width%3D%27286%27%20height%3D%27322%27%20viewBox%3D%270%200%20286%20322%27%3E%3Crect%20width%3D%27286%27%20height%3D%27322%27%20fill-opacity%3D%220%22%2F%3E%3C%2Fsvg%3E\" data-srcset=\"https:\/\/curesz.org\/wp-content\/uploads\/2025\/06\/North-board-200x225.jpg 200w, https:\/\/curesz.org\/wp-content\/uploads\/2025\/06\/North-board.jpg 286w\" data-sizes=\"auto\" data-orig-sizes=\"(max-width: 1024px) 100vw, (max-width: 640px) 100vw, 286px\" \/><\/span><\/div><div class=\"fusion-text fusion-text-1\"><p><strong>Carol North, MD<\/strong><\/p>\n<\/div><\/div><\/div><div class=\"fusion-layout-column fusion_builder_column fusion-builder-column-1 fusion_builder_column_3_4 3_4 fusion-flex-column\" style=\"--awb-bg-size:cover;--awb-width-large:75%;--awb-margin-top-large:0px;--awb-spacing-right-large:2.56%;--awb-margin-bottom-large:20px;--awb-spacing-left-large:2.56%;--awb-width-medium:100%;--awb-spacing-right-medium:1.92%;--awb-spacing-left-medium:1.92%;--awb-width-small:100%;--awb-spacing-right-small:1.92%;--awb-spacing-left-small:1.92%;\"><div class=\"fusion-column-wrapper fusion-column-has-shadow fusion-flex-justify-content-flex-start fusion-content-layout-column\"><div class=\"fusion-text fusion-text-2\"><p><strong>Commentary on &#8220;From Psychosis to Psychologist&#8221; by Rose McDuff<\/strong><br \/>\nBy Carol North, MD<\/p>\n<p>See Rose&#8217;s article <a href=\"https:\/\/curesz.org\/pt_pt\/survivors\/rose-mcduff-psyd\/\">aqui.<\/a><\/p>\n<p>The account of Rose\u2019s story in this issue of the Newsletter is remarkable for her victorious outcome owing largely to her courage and tenacity. Secondarily, her account is also quite remarkable for the unusual response from the administrators of her doctoral program who actively supported her and did not reject her from continuing in their program. Other people in a similar position have not been so fortunate, even being barred only for having a history of mental illness from completing their professional education.<sup>1<\/sup> This blowback to the unfortunate occurrence of such affliction adds unnecessary pain to the immense suffering caused by the psychiatric illness itself.<\/p>\n<p>The stigma of mental illness runs deep in our society. It permeates even where one might least expect it: in the medical and mental health professions, which should be expected to do better, but have demonstrated that even they can be among the worst offenders.<sup>2<\/sup> People who recover from serious mental illness should be celebrated, not rejected based on their psychiatric history. Such barriers to reconstitution of their lives can not only threaten their hard-won victory over the illness but may also prevent them from realizing potentially far-reaching and well-deserved psychosocial gains after their recovery.<\/p>\n<p>Fortunately for Rose, the pioneering experience of Elyn Saks, a high-profile law professor who flourished despite her own history of serious mental illness, was directly credited by the compassionate dean of Rose\u2019s university as the impetus for promoting, rather than blocking, her efforts to complete her degree. There have been others, including Kay Jamison, a nationally acclaimed psychologist and author who excelled despite serious mental illness. These brave souls risked their careers and their lives to reveal their stories that may benefit others who would face similar circumstances in the future. Apparently, it has worked. Rose\u2019s story provides evidence that we may be making progress on this front.<\/p>\n<p>This is why it is so important to continue to highlight the accounts of remarkable people who have triumphed in spite of mental illness. Their positive outcomes can pave the way for the future success of others who will follow. We applaud people like Rose for the courage they have demonstrated in going public with their difficult and painful, yet victorious stories. However, we cannot rest: there is still a long way to go before the stigma of mental illness can once and for all be vanquished.<\/p>\n<p><u>Refer\u00eancias<\/u><\/p>\n<ol>\n<li>North CS, <u>Welcome, Silence: My Triumph Over Schizophrenia<\/u>, New York: Simon &amp; Schuster 1987 and Avon Books 1989, and Lima, OH: Academic Renewal Press 2002.<\/li>\n<li>Jones JTR, North CS, Vogel-Scibilia S, Myers MF, Owen RR, Medical licensure questions about mental illness and compliance with the Americans with Disabilities Act after the Louisiana Supreme Court Settlement Agreement, <em>Journal of the American Academy of Psychiatry and the Law<\/em> 2018; 46(4):458-471 (doi: 10.29158\/JAAPL.003789-18).<\/li>\n<\/ol>\n<\/div><\/div><\/div><\/div><\/div><div class=\"fusion-fullwidth fullwidth-box fusion-builder-row-2 fusion-flex-container hundred-percent-fullwidth non-hundred-percent-height-scrolling\" style=\"--awb-border-radius-top-left:0px;--awb-border-radius-top-right:0px;--awb-border-radius-bottom-right:0px;--awb-border-radius-bottom-left:0px;--awb-padding-top:0px;--awb-padding-right:0px;--awb-padding-bottom:0px;--awb-padding-left:0px;--awb-margin-top:0px;--awb-margin-bottom:0px;--awb-background-color:#015da7;--awb-flex-wrap:wrap;\" ><div class=\"fusion-builder-row fusion-row fusion-flex-align-items-flex-start fusion-flex-content-wrap\" style=\"width:104% !important;max-width:104% !important;margin-left: calc(-4% \/ 2 );margin-right: calc(-4% \/ 2 );\"><\/div><\/div>\n<\/p>","protected":false},"excerpt":{"rendered":"","protected":false},"author":3,"featured_media":0,"parent":76,"menu_order":0,"comment_status":"closed","ping_status":"closed","template":"100-width.php","meta":{"_acf_changed":false,"footnotes":""},"class_list":["post-6446","page","type-page","status-publish","hentry"],"acf":[],"yoast_head":"<!-- This site is optimized with the Yoast SEO plugin v27.4 - https:\/\/yoast.com\/product\/yoast-seo-wordpress\/ -->\n<title>Commentary on the Story of Rose McDuff - CURESZ Foundation<\/title>\n<meta name=\"robots\" content=\"index, follow, max-snippet:-1, max-image-preview:large, max-video-preview:-1\" \/>\n<link rel=\"canonical\" href=\"https:\/\/curesz.org\/pt_pt\/newsletter\/commentary-on-the-story-of-rose-mcduff\/\" \/>\n<meta property=\"og:locale\" content=\"pt_PT\" \/>\n<meta property=\"og:type\" content=\"article\" \/>\n<meta property=\"og:title\" content=\"Commentary on the Story of Rose McDuff - CURESZ Foundation\" \/>\n<meta property=\"og:url\" content=\"https:\/\/curesz.org\/pt_pt\/newsletter\/commentary-on-the-story-of-rose-mcduff\/\" \/>\n<meta property=\"og:site_name\" content=\"CURESZ Foundation\" \/>\n<meta property=\"article:publisher\" content=\"https:\/\/www.facebook.com\/Cureszorg\/\" \/>\n<meta property=\"article:modified_time\" content=\"2025-06-17T16:55:04+00:00\" \/>\n<meta name=\"twitter:card\" content=\"summary_large_image\" \/>\n<meta name=\"twitter:site\" content=\"@cureszorg\" \/>\n<meta name=\"twitter:label1\" content=\"Tempo estimado de leitura\" \/>\n\t<meta name=\"twitter:data1\" content=\"3 minutos\" \/>\n<script type=\"application\/ld+json\" class=\"yoast-schema-graph\">{\"@context\":\"https:\\\/\\\/schema.org\",\"@graph\":[{\"@type\":\"WebPage\",\"@id\":\"https:\\\/\\\/curesz.org\\\/newsletter\\\/commentary-on-the-story-of-rose-mcduff\\\/\",\"url\":\"https:\\\/\\\/curesz.org\\\/newsletter\\\/commentary-on-the-story-of-rose-mcduff\\\/\",\"name\":\"Commentary on the Story of Rose McDuff - CURESZ Foundation\",\"isPartOf\":{\"@id\":\"https:\\\/\\\/curesz.org\\\/#website\"},\"datePublished\":\"2025-06-16T15:32:21+00:00\",\"dateModified\":\"2025-06-17T16:55:04+00:00\",\"breadcrumb\":{\"@id\":\"https:\\\/\\\/curesz.org\\\/newsletter\\\/commentary-on-the-story-of-rose-mcduff\\\/#breadcrumb\"},\"inLanguage\":\"pt-PT\",\"potentialAction\":[{\"@type\":\"ReadAction\",\"target\":[\"https:\\\/\\\/curesz.org\\\/newsletter\\\/commentary-on-the-story-of-rose-mcduff\\\/\"]}]},{\"@type\":\"BreadcrumbList\",\"@id\":\"https:\\\/\\\/curesz.org\\\/newsletter\\\/commentary-on-the-story-of-rose-mcduff\\\/#breadcrumb\",\"itemListElement\":[{\"@type\":\"ListItem\",\"position\":1,\"name\":\"Home\",\"item\":\"https:\\\/\\\/curesz.org\\\/\"},{\"@type\":\"ListItem\",\"position\":2,\"name\":\"Newsletter\",\"item\":\"https:\\\/\\\/curesz.org\\\/newsletter\\\/\"},{\"@type\":\"ListItem\",\"position\":3,\"name\":\"Commentary on the Story of Rose McDuff\"}]},{\"@type\":\"WebSite\",\"@id\":\"https:\\\/\\\/curesz.org\\\/#website\",\"url\":\"https:\\\/\\\/curesz.org\\\/\",\"name\":\"CURESZ Foundation\",\"description\":\"The CURESZ Foundation provides educational updates to patients, families, healthcare professionals and the general public about schizophrenia.\",\"publisher\":{\"@id\":\"https:\\\/\\\/curesz.org\\\/#organization\"},\"potentialAction\":[{\"@type\":\"SearchAction\",\"target\":{\"@type\":\"EntryPoint\",\"urlTemplate\":\"https:\\\/\\\/curesz.org\\\/?s={search_term_string}\"},\"query-input\":{\"@type\":\"PropertyValueSpecification\",\"valueRequired\":true,\"valueName\":\"search_term_string\"}}],\"inLanguage\":\"pt-PT\"},{\"@type\":\"Organization\",\"@id\":\"https:\\\/\\\/curesz.org\\\/#organization\",\"name\":\"Curesz Foundation\",\"url\":\"https:\\\/\\\/curesz.org\\\/\",\"logo\":{\"@type\":\"ImageObject\",\"inLanguage\":\"pt-PT\",\"@id\":\"https:\\\/\\\/curesz.org\\\/#\\\/schema\\\/logo\\\/image\\\/\",\"url\":\"https:\\\/\\\/curesz.org\\\/wp-content\\\/uploads\\\/2020\\\/02\\\/cropped-Logo-with-Foundation-Custom.png\",\"contentUrl\":\"https:\\\/\\\/curesz.org\\\/wp-content\\\/uploads\\\/2020\\\/02\\\/cropped-Logo-with-Foundation-Custom.png\",\"width\":200,\"height\":133,\"caption\":\"Curesz Foundation\"},\"image\":{\"@id\":\"https:\\\/\\\/curesz.org\\\/#\\\/schema\\\/logo\\\/image\\\/\"},\"sameAs\":[\"https:\\\/\\\/www.facebook.com\\\/Cureszorg\\\/\",\"https:\\\/\\\/x.com\\\/cureszorg\",\"https:\\\/\\\/www.instagram.com\\\/cureszfoundation\\\/\",\"https:\\\/\\\/www.youtube.com\\\/channel\\\/UCT3uVzTt8jiJ2qdhuosHPvg\"]}]}<\/script>\n<!-- \/ Yoast SEO plugin. -->","yoast_head_json":{"title":"Commentary on the Story of Rose McDuff - CURESZ Foundation","robots":{"index":"index","follow":"follow","max-snippet":"max-snippet:-1","max-image-preview":"max-image-preview:large","max-video-preview":"max-video-preview:-1"},"canonical":"https:\/\/curesz.org\/pt_pt\/newsletter\/commentary-on-the-story-of-rose-mcduff\/","og_locale":"pt_PT","og_type":"article","og_title":"Commentary on the Story of Rose McDuff - CURESZ Foundation","og_url":"https:\/\/curesz.org\/pt_pt\/newsletter\/commentary-on-the-story-of-rose-mcduff\/","og_site_name":"CURESZ Foundation","article_publisher":"https:\/\/www.facebook.com\/Cureszorg\/","article_modified_time":"2025-06-17T16:55:04+00:00","twitter_card":"summary_large_image","twitter_site":"@cureszorg","twitter_misc":{"Tempo estimado de leitura":"3 minutos"},"schema":{"@context":"https:\/\/schema.org","@graph":[{"@type":"WebPage","@id":"https:\/\/curesz.org\/newsletter\/commentary-on-the-story-of-rose-mcduff\/","url":"https:\/\/curesz.org\/newsletter\/commentary-on-the-story-of-rose-mcduff\/","name":"Commentary on the Story of Rose McDuff - CURESZ Foundation","isPartOf":{"@id":"https:\/\/curesz.org\/#website"},"datePublished":"2025-06-16T15:32:21+00:00","dateModified":"2025-06-17T16:55:04+00:00","breadcrumb":{"@id":"https:\/\/curesz.org\/newsletter\/commentary-on-the-story-of-rose-mcduff\/#breadcrumb"},"inLanguage":"pt-PT","potentialAction":[{"@type":"ReadAction","target":["https:\/\/curesz.org\/newsletter\/commentary-on-the-story-of-rose-mcduff\/"]}]},{"@type":"BreadcrumbList","@id":"https:\/\/curesz.org\/newsletter\/commentary-on-the-story-of-rose-mcduff\/#breadcrumb","itemListElement":[{"@type":"ListItem","position":1,"name":"Home","item":"https:\/\/curesz.org\/"},{"@type":"ListItem","position":2,"name":"Newsletter","item":"https:\/\/curesz.org\/newsletter\/"},{"@type":"ListItem","position":3,"name":"Commentary on the Story of Rose McDuff"}]},{"@type":"WebSite","@id":"https:\/\/curesz.org\/#website","url":"https:\/\/curesz.org\/","name":"Funda\u00e7\u00e3o CURESZ","description":"A Funda\u00e7\u00e3o CURESZ fornece atualiza\u00e7\u00f5es educacionais para pacientes, familiares, profissionais de sa\u00fade e p\u00fablico em geral sobre esquizofrenia.","publisher":{"@id":"https:\/\/curesz.org\/#organization"},"potentialAction":[{"@type":"SearchAction","target":{"@type":"EntryPoint","urlTemplate":"https:\/\/curesz.org\/?s={search_term_string}"},"query-input":{"@type":"PropertyValueSpecification","valueRequired":true,"valueName":"search_term_string"}}],"inLanguage":"pt-PT"},{"@type":"Organization","@id":"https:\/\/curesz.org\/#organization","name":"Curesz Foundation","url":"https:\/\/curesz.org\/","logo":{"@type":"ImageObject","inLanguage":"pt-PT","@id":"https:\/\/curesz.org\/#\/schema\/logo\/image\/","url":"https:\/\/curesz.org\/wp-content\/uploads\/2020\/02\/cropped-Logo-with-Foundation-Custom.png","contentUrl":"https:\/\/curesz.org\/wp-content\/uploads\/2020\/02\/cropped-Logo-with-Foundation-Custom.png","width":200,"height":133,"caption":"Curesz Foundation"},"image":{"@id":"https:\/\/curesz.org\/#\/schema\/logo\/image\/"},"sameAs":["https:\/\/www.facebook.com\/Cureszorg\/","https:\/\/x.com\/cureszorg","https:\/\/www.instagram.com\/cureszfoundation\/","https:\/\/www.youtube.com\/channel\/UCT3uVzTt8jiJ2qdhuosHPvg"]}]}},"_links":{"self":[{"href":"https:\/\/curesz.org\/pt_pt\/wp-json\/wp\/v2\/pages\/6446","targetHints":{"allow":["GET"]}}],"collection":[{"href":"https:\/\/curesz.org\/pt_pt\/wp-json\/wp\/v2\/pages"}],"about":[{"href":"https:\/\/curesz.org\/pt_pt\/wp-json\/wp\/v2\/types\/page"}],"author":[{"embeddable":true,"href":"https:\/\/curesz.org\/pt_pt\/wp-json\/wp\/v2\/users\/3"}],"replies":[{"embeddable":true,"href":"https:\/\/curesz.org\/pt_pt\/wp-json\/wp\/v2\/comments?post=6446"}],"version-history":[{"count":4,"href":"https:\/\/curesz.org\/pt_pt\/wp-json\/wp\/v2\/pages\/6446\/revisions"}],"predecessor-version":[{"id":6472,"href":"https:\/\/curesz.org\/pt_pt\/wp-json\/wp\/v2\/pages\/6446\/revisions\/6472"}],"up":[{"embeddable":true,"href":"https:\/\/curesz.org\/pt_pt\/wp-json\/wp\/v2\/pages\/76"}],"wp:attachment":[{"href":"https:\/\/curesz.org\/pt_pt\/wp-json\/wp\/v2\/media?parent=6446"}],"curies":[{"name":"wp","href":"https:\/\/api.w.org\/{rel}","templated":true}]}}