{"id":6503,"date":"2025-08-04T11:19:46","date_gmt":"2025-08-04T15:19:46","guid":{"rendered":"https:\/\/curesz.org\/?page_id=6503"},"modified":"2025-10-30T09:02:16","modified_gmt":"2025-10-30T13:02:16","slug":"vitucci-memorial-lecture-2025","status":"publish","type":"page","link":"https:\/\/curesz.org\/pt_pt\/vitucci-memorial-lecture-2025\/","title":{"rendered":"Vitucci Memorial Lecture 2025"},"content":{"rendered":"<h2 class=\"fusion-responsive-typography-calculated\" data-fontsize=\"40\" data-lineheight=\"44px\">Vitucci Memorial Lecture October 8, 2025, 12pm Eastern Standard Time<a href=\"https:\/\/curesz.org\/wp-content\/uploads\/2025\/08\/John-Kane-Headshot-scaled.jpg\"><img decoding=\"async\" class=\"lazyload wp-image-6505 alignright\" src=\"https:\/\/curesz.org\/wp-content\/uploads\/2025\/08\/John-Kane-Headshot-scaled.jpg\" data-orig-src=\"https:\/\/curesz.org\/wp-content\/uploads\/2025\/08\/John-Kane-Headshot-scaled.jpg\" alt=\"\" width=\"208\" height=\"291\" srcset=\"data:image\/svg+xml,%3Csvg%20xmlns%3D%27http%3A%2F%2Fwww.w3.org%2F2000%2Fsvg%27%20width%3D%27208%27%20height%3D%27291%27%20viewBox%3D%270%200%20208%20291%27%3E%3Crect%20width%3D%27208%27%20height%3D%27291%27%20fill-opacity%3D%220%22%2F%3E%3C%2Fsvg%3E\" data-srcset=\"https:\/\/curesz.org\/wp-content\/uploads\/2025\/08\/John-Kane-Headshot-9x12.jpg 9w, https:\/\/curesz.org\/wp-content\/uploads\/2025\/08\/John-Kane-Headshot-200x280.jpg 200w, https:\/\/curesz.org\/wp-content\/uploads\/2025\/08\/John-Kane-Headshot-214x300.jpg 214w, https:\/\/curesz.org\/wp-content\/uploads\/2025\/08\/John-Kane-Headshot-400x560.jpg 400w, https:\/\/curesz.org\/wp-content\/uploads\/2025\/08\/John-Kane-Headshot-600x840.jpg 600w, https:\/\/curesz.org\/wp-content\/uploads\/2025\/08\/John-Kane-Headshot-731x1024.jpg 731w, https:\/\/curesz.org\/wp-content\/uploads\/2025\/08\/John-Kane-Headshot-768x1075.jpg 768w, https:\/\/curesz.org\/wp-content\/uploads\/2025\/08\/John-Kane-Headshot-800x1120.jpg 800w, https:\/\/curesz.org\/wp-content\/uploads\/2025\/08\/John-Kane-Headshot-1097x1536.jpg 1097w, https:\/\/curesz.org\/wp-content\/uploads\/2025\/08\/John-Kane-Headshot-scaled.jpg 1143w, https:\/\/curesz.org\/wp-content\/uploads\/2025\/08\/John-Kane-Headshot-1200x1680.jpg 1200w, https:\/\/curesz.org\/wp-content\/uploads\/2025\/08\/John-Kane-Headshot-1463x2048.jpg 1463w\" data-sizes=\"auto\" data-orig-sizes=\"(max-width: 208px) 100vw, 208px\" \/><\/a><\/h2>\n<h3 class=\"\" data-fontsize=\"16\" data-lineheight=\"24px\">The CURESZ Foundation welcomes John Kane, MD, to present a virtual lecture in memory of Anthony Vitucci titled:<\/h3>\n<h2 class=\"fusion-responsive-typography-calculated\" data-fontsize=\"40\" data-lineheight=\"44px\">The Management of Treatment Resistant Schizophrenia: How Far Have We Come?<\/h2>\n<div data-olk-copy-source=\"MessageBody\">Although considerable progress has been made in the treatment of schizophrenia and there are numerous effective antipsychotic medications available, a substantial proportion of individuals do not respond adequately to these drugs. Estimates suggest that 15-20% of people experiencing their first episode of schizophrenia are treatment resistant and the prevalence increases to at least 30% over the ensuing decades.\u00a0This lecture will review the potential factors contributing to treatment resistance, as well as current strategies for identification and management. Clozapine remains the only medication with regulatory approval for this indication, yet it is grossly underutilized.\u00a0Potential reasons for that and strategies to address the gap will be discussed.<\/div>\n<div data-olk-copy-source=\"MessageBody\"><\/div>\n<div data-olk-copy-source=\"MessageBody\"><\/div>\n<p><em><a href=\"https:\/\/curesz.org\/wp-content\/uploads\/2024\/07\/VItucci.jpg\"><img decoding=\"async\" class=\"size-full wp-image-5874 alignleft lazyautosizes ls-is-cached lazyloaded\" src=\"https:\/\/curesz.org\/wp-content\/uploads\/2024\/07\/VItucci.jpg\" sizes=\"243px\" srcset=\"https:\/\/curesz.org\/wp-content\/uploads\/2024\/07\/VItucci-10x12.jpg 10w, https:\/\/curesz.org\/wp-content\/uploads\/2024\/07\/VItucci-200x247.jpg 200w, https:\/\/curesz.org\/wp-content\/uploads\/2024\/07\/VItucci.jpg 243w\" alt=\"\" width=\"243\" height=\"300\" data-orig-src=\"https:\/\/curesz.org\/wp-content\/uploads\/2024\/07\/VItucci.jpg\" data-srcset=\"https:\/\/curesz.org\/wp-content\/uploads\/2024\/07\/VItucci-10x12.jpg 10w, https:\/\/curesz.org\/wp-content\/uploads\/2024\/07\/VItucci-200x247.jpg 200w, https:\/\/curesz.org\/wp-content\/uploads\/2024\/07\/VItucci.jpg 243w\" data-sizes=\"auto\" data-orig-sizes=\"(max-width: 243px) 100vw, 243px\" \/><\/a><\/em><\/p>\n<p><em><strong>About Anthony Vitucci:<\/strong><\/em><\/p>\n<p><em>Anthony Vitucci tinha 23 anos quando faleceu. Ele teve seu primeiro epis\u00f3dio psic\u00f3tico em dezembro de 2014. Ele era um \u00e1vido jogador de futebol, adorava ir \u00e0 praia e pescar, al\u00e9m de malhar na academia. Ele era gentil, atencioso e ajudaria quem precisasse. Ele era engra\u00e7ado e sempre brincava comigo (a m\u00e3e dele). Acima de tudo, ele adorava passar o tempo com sua fam\u00edlia e frequentemente expressava como era grato pelo cuidado dedicado e diligente que prestamos a ele durante sua doen\u00e7a.<\/em><\/p>\n<p><em><i data-olk-copy-source=\"MessageBody\">A $25 minimum donation is required to attend to earn AMA PRA Category 1 Credit<sup>TM<\/sup>. For the general public, no fee or donation is required to attend.<\/i><br \/>\n<\/em><\/p>\n<p><strong>The Vitucci lecture has been accredited for 1.5 CEU credits. CE is available for physicians, psychologists (American Psychological Association), counselors and social workers.<\/strong><\/p>\n<p><b>DECLARA\u00c7\u00d5ES DE ACREDITA\u00c7\u00c3O E DESIGNA\u00c7\u00c3O ACCME, OPA E CSWMFT<\/b><\/p>\n<p>A Universidade de Cincinnati \u00e9 credenciada pelo Conselho de Credenciamento para Educa\u00e7\u00e3o M\u00e9dica Continuada (ACCME) para fornecer educa\u00e7\u00e3o m\u00e9dica continuada para m\u00e9dicos.<\/p>\n<p>A Universidade de Cincinnati designa esta atividade ao vivo por no m\u00e1ximo 1,5\u00a0<em>AMA PRA Categoria 1 Cr\u00e9dito<\/em>. Os m\u00e9dicos s\u00f3 devem reivindicar o cr\u00e9dito proporcional \u00e0 extens\u00e3o de sua participa\u00e7\u00e3o na atividade.<\/p>\n<p>A University of Cincinnati \u00e9 credenciada pela Ohio Psychological Association e designa esta atividade ao vivo para um m\u00e1ximo de 1,50 horas de cr\u00e9dito OPA-MCE por apresenta\u00e7\u00e3o do Grand Rounds.<\/p>\n<p>A University of Cincinnati \u00e9 credenciada pelo State of Ohio Counselor and Social Worker Board e designa esta atividade ao vivo para um m\u00e1ximo de 1,50 horas CEU por apresenta\u00e7\u00e3o das Grandes Rodadas.<\/p>","protected":false},"excerpt":{"rendered":"<p>Vitucci Memorial Lecture October 8, 2025, 12pm Eastern Standard Time  [&#8230;]<\/p>\n","protected":false},"author":3,"featured_media":0,"parent":0,"menu_order":0,"comment_status":"closed","ping_status":"closed","template":"","meta":{"_acf_changed":false,"footnotes":""},"class_list":["post-6503","page","type-page","status-publish","hentry"],"acf":[],"yoast_head":"<!-- This site is optimized with the Yoast SEO plugin v27.4 - https:\/\/yoast.com\/product\/yoast-seo-wordpress\/ -->\n<title>Vitucci Memorial Lecture 2025 - CURESZ Foundation<\/title>\n<meta name=\"robots\" content=\"index, follow, max-snippet:-1, max-image-preview:large, max-video-preview:-1\" \/>\n<link rel=\"canonical\" href=\"https:\/\/curesz.org\/pt_pt\/vitucci-memorial-lecture-2025\/\" \/>\n<meta property=\"og:locale\" content=\"pt_PT\" \/>\n<meta property=\"og:type\" content=\"article\" \/>\n<meta property=\"og:title\" content=\"Vitucci Memorial Lecture 2025 - CURESZ Foundation\" \/>\n<meta property=\"og:description\" content=\"Vitucci Memorial Lecture October 8, 2025, 12pm Eastern Standard Time [...]\" \/>\n<meta property=\"og:url\" content=\"https:\/\/curesz.org\/pt_pt\/vitucci-memorial-lecture-2025\/\" \/>\n<meta property=\"og:site_name\" content=\"CURESZ Foundation\" \/>\n<meta property=\"article:publisher\" content=\"https:\/\/www.facebook.com\/Cureszorg\/\" \/>\n<meta property=\"article:modified_time\" content=\"2025-10-30T13:02:16+00:00\" \/>\n<meta property=\"og:image\" content=\"https:\/\/curesz.org\/wp-content\/uploads\/2025\/08\/John-Kane-Headshot-scaled.jpg\" \/>\n\t<meta property=\"og:image:width\" content=\"1143\" \/>\n\t<meta property=\"og:image:height\" content=\"1600\" \/>\n\t<meta property=\"og:image:type\" content=\"image\/jpeg\" \/>\n<meta name=\"twitter:card\" content=\"summary_large_image\" \/>\n<meta name=\"twitter:site\" content=\"@cureszorg\" \/>\n<meta name=\"twitter:label1\" content=\"Tempo estimado de leitura\" \/>\n\t<meta name=\"twitter:data1\" content=\"3 minutos\" \/>\n<script type=\"application\/ld+json\" class=\"yoast-schema-graph\">{\"@context\":\"https:\\\/\\\/schema.org\",\"@graph\":[{\"@type\":\"WebPage\",\"@id\":\"https:\\\/\\\/curesz.org\\\/vitucci-memorial-lecture-2025\\\/\",\"url\":\"https:\\\/\\\/curesz.org\\\/vitucci-memorial-lecture-2025\\\/\",\"name\":\"Vitucci Memorial Lecture 2025 - CURESZ Foundation\",\"isPartOf\":{\"@id\":\"https:\\\/\\\/curesz.org\\\/#website\"},\"primaryImageOfPage\":{\"@id\":\"https:\\\/\\\/curesz.org\\\/vitucci-memorial-lecture-2025\\\/#primaryimage\"},\"image\":{\"@id\":\"https:\\\/\\\/curesz.org\\\/vitucci-memorial-lecture-2025\\\/#primaryimage\"},\"thumbnailUrl\":\"https:\\\/\\\/curesz.org\\\/wp-content\\\/uploads\\\/2025\\\/08\\\/John-Kane-Headshot-scaled.jpg\",\"datePublished\":\"2025-08-04T15:19:46+00:00\",\"dateModified\":\"2025-10-30T13:02:16+00:00\",\"breadcrumb\":{\"@id\":\"https:\\\/\\\/curesz.org\\\/vitucci-memorial-lecture-2025\\\/#breadcrumb\"},\"inLanguage\":\"pt-PT\",\"potentialAction\":[{\"@type\":\"ReadAction\",\"target\":[\"https:\\\/\\\/curesz.org\\\/vitucci-memorial-lecture-2025\\\/\"]}]},{\"@type\":\"ImageObject\",\"inLanguage\":\"pt-PT\",\"@id\":\"https:\\\/\\\/curesz.org\\\/vitucci-memorial-lecture-2025\\\/#primaryimage\",\"url\":\"https:\\\/\\\/curesz.org\\\/wp-content\\\/uploads\\\/2025\\\/08\\\/John-Kane-Headshot-scaled.jpg\",\"contentUrl\":\"https:\\\/\\\/curesz.org\\\/wp-content\\\/uploads\\\/2025\\\/08\\\/John-Kane-Headshot-scaled.jpg\"},{\"@type\":\"BreadcrumbList\",\"@id\":\"https:\\\/\\\/curesz.org\\\/vitucci-memorial-lecture-2025\\\/#breadcrumb\",\"itemListElement\":[{\"@type\":\"ListItem\",\"position\":1,\"name\":\"Home\",\"item\":\"https:\\\/\\\/curesz.org\\\/\"},{\"@type\":\"ListItem\",\"position\":2,\"name\":\"Vitucci Memorial Lecture 2025\"}]},{\"@type\":\"WebSite\",\"@id\":\"https:\\\/\\\/curesz.org\\\/#website\",\"url\":\"https:\\\/\\\/curesz.org\\\/\",\"name\":\"CURESZ Foundation\",\"description\":\"The CURESZ Foundation provides educational updates to patients, families, healthcare professionals and the general public about schizophrenia.\",\"publisher\":{\"@id\":\"https:\\\/\\\/curesz.org\\\/#organization\"},\"potentialAction\":[{\"@type\":\"SearchAction\",\"target\":{\"@type\":\"EntryPoint\",\"urlTemplate\":\"https:\\\/\\\/curesz.org\\\/?s={search_term_string}\"},\"query-input\":{\"@type\":\"PropertyValueSpecification\",\"valueRequired\":true,\"valueName\":\"search_term_string\"}}],\"inLanguage\":\"pt-PT\"},{\"@type\":\"Organization\",\"@id\":\"https:\\\/\\\/curesz.org\\\/#organization\",\"name\":\"Curesz Foundation\",\"url\":\"https:\\\/\\\/curesz.org\\\/\",\"logo\":{\"@type\":\"ImageObject\",\"inLanguage\":\"pt-PT\",\"@id\":\"https:\\\/\\\/curesz.org\\\/#\\\/schema\\\/logo\\\/image\\\/\",\"url\":\"https:\\\/\\\/curesz.org\\\/wp-content\\\/uploads\\\/2020\\\/02\\\/cropped-Logo-with-Foundation-Custom.png\",\"contentUrl\":\"https:\\\/\\\/curesz.org\\\/wp-content\\\/uploads\\\/2020\\\/02\\\/cropped-Logo-with-Foundation-Custom.png\",\"width\":200,\"height\":133,\"caption\":\"Curesz Foundation\"},\"image\":{\"@id\":\"https:\\\/\\\/curesz.org\\\/#\\\/schema\\\/logo\\\/image\\\/\"},\"sameAs\":[\"https:\\\/\\\/www.facebook.com\\\/Cureszorg\\\/\",\"https:\\\/\\\/x.com\\\/cureszorg\",\"https:\\\/\\\/www.instagram.com\\\/cureszfoundation\\\/\",\"https:\\\/\\\/www.youtube.com\\\/channel\\\/UCT3uVzTt8jiJ2qdhuosHPvg\"]}]}<\/script>\n<!-- \/ Yoast SEO plugin. -->","yoast_head_json":{"title":"Vitucci Memorial Lecture 2025 - CURESZ Foundation","robots":{"index":"index","follow":"follow","max-snippet":"max-snippet:-1","max-image-preview":"max-image-preview:large","max-video-preview":"max-video-preview:-1"},"canonical":"https:\/\/curesz.org\/pt_pt\/vitucci-memorial-lecture-2025\/","og_locale":"pt_PT","og_type":"article","og_title":"Vitucci Memorial Lecture 2025 - CURESZ Foundation","og_description":"Vitucci Memorial Lecture October 8, 2025, 12pm Eastern Standard Time [...]","og_url":"https:\/\/curesz.org\/pt_pt\/vitucci-memorial-lecture-2025\/","og_site_name":"CURESZ Foundation","article_publisher":"https:\/\/www.facebook.com\/Cureszorg\/","article_modified_time":"2025-10-30T13:02:16+00:00","og_image":[{"width":1143,"height":1600,"url":"https:\/\/curesz.org\/wp-content\/uploads\/2025\/08\/John-Kane-Headshot-scaled.jpg","type":"image\/jpeg"}],"twitter_card":"summary_large_image","twitter_site":"@cureszorg","twitter_misc":{"Tempo estimado de leitura":"3 minutos"},"schema":{"@context":"https:\/\/schema.org","@graph":[{"@type":"WebPage","@id":"https:\/\/curesz.org\/vitucci-memorial-lecture-2025\/","url":"https:\/\/curesz.org\/vitucci-memorial-lecture-2025\/","name":"Vitucci Memorial Lecture 2025 - CURESZ Foundation","isPartOf":{"@id":"https:\/\/curesz.org\/#website"},"primaryImageOfPage":{"@id":"https:\/\/curesz.org\/vitucci-memorial-lecture-2025\/#primaryimage"},"image":{"@id":"https:\/\/curesz.org\/vitucci-memorial-lecture-2025\/#primaryimage"},"thumbnailUrl":"https:\/\/curesz.org\/wp-content\/uploads\/2025\/08\/John-Kane-Headshot-scaled.jpg","datePublished":"2025-08-04T15:19:46+00:00","dateModified":"2025-10-30T13:02:16+00:00","breadcrumb":{"@id":"https:\/\/curesz.org\/vitucci-memorial-lecture-2025\/#breadcrumb"},"inLanguage":"pt-PT","potentialAction":[{"@type":"ReadAction","target":["https:\/\/curesz.org\/vitucci-memorial-lecture-2025\/"]}]},{"@type":"ImageObject","inLanguage":"pt-PT","@id":"https:\/\/curesz.org\/vitucci-memorial-lecture-2025\/#primaryimage","url":"https:\/\/curesz.org\/wp-content\/uploads\/2025\/08\/John-Kane-Headshot-scaled.jpg","contentUrl":"https:\/\/curesz.org\/wp-content\/uploads\/2025\/08\/John-Kane-Headshot-scaled.jpg"},{"@type":"BreadcrumbList","@id":"https:\/\/curesz.org\/vitucci-memorial-lecture-2025\/#breadcrumb","itemListElement":[{"@type":"ListItem","position":1,"name":"Home","item":"https:\/\/curesz.org\/"},{"@type":"ListItem","position":2,"name":"Vitucci Memorial Lecture 2025"}]},{"@type":"WebSite","@id":"https:\/\/curesz.org\/#website","url":"https:\/\/curesz.org\/","name":"Funda\u00e7\u00e3o CURESZ","description":"A Funda\u00e7\u00e3o CURESZ fornece atualiza\u00e7\u00f5es educacionais para pacientes, familiares, profissionais de sa\u00fade e p\u00fablico em geral sobre esquizofrenia.","publisher":{"@id":"https:\/\/curesz.org\/#organization"},"potentialAction":[{"@type":"SearchAction","target":{"@type":"EntryPoint","urlTemplate":"https:\/\/curesz.org\/?s={search_term_string}"},"query-input":{"@type":"PropertyValueSpecification","valueRequired":true,"valueName":"search_term_string"}}],"inLanguage":"pt-PT"},{"@type":"Organization","@id":"https:\/\/curesz.org\/#organization","name":"Curesz Foundation","url":"https:\/\/curesz.org\/","logo":{"@type":"ImageObject","inLanguage":"pt-PT","@id":"https:\/\/curesz.org\/#\/schema\/logo\/image\/","url":"https:\/\/curesz.org\/wp-content\/uploads\/2020\/02\/cropped-Logo-with-Foundation-Custom.png","contentUrl":"https:\/\/curesz.org\/wp-content\/uploads\/2020\/02\/cropped-Logo-with-Foundation-Custom.png","width":200,"height":133,"caption":"Curesz Foundation"},"image":{"@id":"https:\/\/curesz.org\/#\/schema\/logo\/image\/"},"sameAs":["https:\/\/www.facebook.com\/Cureszorg\/","https:\/\/x.com\/cureszorg","https:\/\/www.instagram.com\/cureszfoundation\/","https:\/\/www.youtube.com\/channel\/UCT3uVzTt8jiJ2qdhuosHPvg"]}]}},"_links":{"self":[{"href":"https:\/\/curesz.org\/pt_pt\/wp-json\/wp\/v2\/pages\/6503","targetHints":{"allow":["GET"]}}],"collection":[{"href":"https:\/\/curesz.org\/pt_pt\/wp-json\/wp\/v2\/pages"}],"about":[{"href":"https:\/\/curesz.org\/pt_pt\/wp-json\/wp\/v2\/types\/page"}],"author":[{"embeddable":true,"href":"https:\/\/curesz.org\/pt_pt\/wp-json\/wp\/v2\/users\/3"}],"replies":[{"embeddable":true,"href":"https:\/\/curesz.org\/pt_pt\/wp-json\/wp\/v2\/comments?post=6503"}],"version-history":[{"count":15,"href":"https:\/\/curesz.org\/pt_pt\/wp-json\/wp\/v2\/pages\/6503\/revisions"}],"predecessor-version":[{"id":6675,"href":"https:\/\/curesz.org\/pt_pt\/wp-json\/wp\/v2\/pages\/6503\/revisions\/6675"}],"wp:attachment":[{"href":"https:\/\/curesz.org\/pt_pt\/wp-json\/wp\/v2\/media?parent=6503"}],"curies":[{"name":"wp","href":"https:\/\/api.w.org\/{rel}","templated":true}]}}