{"id":6770,"date":"2026-02-11T09:23:29","date_gmt":"2026-02-11T14:23:29","guid":{"rendered":"https:\/\/curesz.org\/?page_id=6770"},"modified":"2026-02-12T19:04:17","modified_gmt":"2026-02-13T00:04:17","slug":"curesz-summit-2026","status":"publish","type":"page","link":"https:\/\/curesz.org\/pt_pt\/curesz-summit-2026\/","title":{"rendered":"CURESZ Summit 2026"},"content":{"rendered":"<p><a href=\"https:\/\/curesz.org\/wp-content\/uploads\/2026\/02\/2026-Summit-IG-Square-OPTION-1-\u0393Co-1080x1080_WITH-BUTTON.jpg\"><img decoding=\"async\" class=\"lazyload  wp-image-6771 alignright\" src=\"https:\/\/curesz.org\/wp-content\/uploads\/2026\/02\/2026-Summit-IG-Square-OPTION-1-\u0393Co-1080x1080_WITH-BUTTON.jpg\" data-orig-src=\"https:\/\/curesz.org\/wp-content\/uploads\/2026\/02\/2026-Summit-IG-Square-OPTION-1-\u0393Co-1080x1080_WITH-BUTTON.jpg\" alt=\"\" width=\"251\" height=\"251\" srcset=\"data:image\/svg+xml,%3Csvg%20xmlns%3D%27http%3A%2F%2Fwww.w3.org%2F2000%2Fsvg%27%20width%3D%27251%27%20height%3D%27251%27%20viewBox%3D%270%200%20251%20251%27%3E%3Crect%20width%3D%27251%27%20height%3D%27251%27%20fill-opacity%3D%220%22%2F%3E%3C%2Fsvg%3E\" data-srcset=\"https:\/\/curesz.org\/wp-content\/uploads\/2026\/02\/2026-Summit-IG-Square-OPTION-1-\u0393Co-1080x1080_WITH-BUTTON-12x12.jpg 12w, https:\/\/curesz.org\/wp-content\/uploads\/2026\/02\/2026-Summit-IG-Square-OPTION-1-\u0393Co-1080x1080_WITH-BUTTON-66x66.jpg 66w, https:\/\/curesz.org\/wp-content\/uploads\/2026\/02\/2026-Summit-IG-Square-OPTION-1-\u0393Co-1080x1080_WITH-BUTTON-150x150.jpg 150w, https:\/\/curesz.org\/wp-content\/uploads\/2026\/02\/2026-Summit-IG-Square-OPTION-1-\u0393Co-1080x1080_WITH-BUTTON-200x200.jpg 200w, https:\/\/curesz.org\/wp-content\/uploads\/2026\/02\/2026-Summit-IG-Square-OPTION-1-\u0393Co-1080x1080_WITH-BUTTON-300x300.jpg 300w, https:\/\/curesz.org\/wp-content\/uploads\/2026\/02\/2026-Summit-IG-Square-OPTION-1-\u0393Co-1080x1080_WITH-BUTTON-400x400.jpg 400w, https:\/\/curesz.org\/wp-content\/uploads\/2026\/02\/2026-Summit-IG-Square-OPTION-1-\u0393Co-1080x1080_WITH-BUTTON-600x600.jpg 600w, https:\/\/curesz.org\/wp-content\/uploads\/2026\/02\/2026-Summit-IG-Square-OPTION-1-\u0393Co-1080x1080_WITH-BUTTON-768x768.jpg 768w, https:\/\/curesz.org\/wp-content\/uploads\/2026\/02\/2026-Summit-IG-Square-OPTION-1-\u0393Co-1080x1080_WITH-BUTTON-800x800.jpg 800w, https:\/\/curesz.org\/wp-content\/uploads\/2026\/02\/2026-Summit-IG-Square-OPTION-1-\u0393Co-1080x1080_WITH-BUTTON-1024x1024.jpg 1024w, https:\/\/curesz.org\/wp-content\/uploads\/2026\/02\/2026-Summit-IG-Square-OPTION-1-\u0393Co-1080x1080_WITH-BUTTON.jpg 1080w\" data-sizes=\"auto\" data-orig-sizes=\"(max-width: 251px) 100vw, 251px\" \/><\/a><\/p>\n<h3><strong>CURESZ Foundation Tenth Anniversary Summit, July 10-11, 2026<\/strong><\/h3>\n<p>The CURESZ Foundation invites you to join us on July 10-11, 2026 at the Graduate Hotel in Cincinnati for our Tenth Anniversary Summit. The Summit will begin on July 10th at 6pm Eastern Standard Time and end on July 11 at 3pm. The Summit title is &#8220;Bridging the Gap Between Advances in Knowledge and Clinical Practice.&#8221;<\/p>\n<p>There will be presentations on cutting edge and underutilized medications such as long-acting injectables to prevent relapse, clozapine for treatment resistance, VMAT-2 inhibitors for tardive dyskinesia, and information on medications in the pipeline.<\/p>\n<p>Our keynote address will be delivered by Rajiv Tandon, MD, on the gap between advances in knowledge and clinical practice in schizophrenia.<\/p>\n<p>There will also be a lecture on identifying warning signs of schizophrenia in college students who are at the age of risk.<\/p>\n<p>Over these two days, there will be breaks and meals served. We hope all attendees will be encouraged as they meet new people.<\/p>\n<p>See our full <a href=\"https:\/\/curesz.org\/wp-content\/uploads\/2026\/02\/July-Summit-Agenda-5.pdf\">agenda<\/a>.<\/p>\n<p>Register <a href=\"https:\/\/curesz.org\/pt_pt\/2026-curesz-summit-bridging-the-gap-between-knowledge-clinical-practice\/\">aqui.<\/a><\/p>","protected":false},"excerpt":{"rendered":"<p>CURESZ Foundation Tenth Anniversary Summit, July 10-11, 2026 The CURESZ  [&#8230;]<\/p>\n","protected":false},"author":3,"featured_media":0,"parent":0,"menu_order":0,"comment_status":"closed","ping_status":"closed","template":"","meta":{"_acf_changed":false,"footnotes":""},"class_list":["post-6770","page","type-page","status-publish","hentry"],"acf":[],"yoast_head":"<!-- This site is optimized with the Yoast SEO plugin v27.3 - https:\/\/yoast.com\/product\/yoast-seo-wordpress\/ -->\n<title>CURESZ Summit 2026 - CURESZ Foundation<\/title>\n<meta name=\"robots\" content=\"index, follow, max-snippet:-1, max-image-preview:large, max-video-preview:-1\" \/>\n<link rel=\"canonical\" href=\"https:\/\/curesz.org\/pt_pt\/curesz-summit-2026\/\" \/>\n<meta property=\"og:locale\" content=\"pt_PT\" \/>\n<meta property=\"og:type\" content=\"article\" \/>\n<meta property=\"og:title\" content=\"CURESZ Summit 2026 - CURESZ Foundation\" \/>\n<meta property=\"og:description\" content=\"CURESZ Foundation Tenth Anniversary Summit, July 10-11, 2026 The CURESZ [...]\" \/>\n<meta property=\"og:url\" content=\"https:\/\/curesz.org\/pt_pt\/curesz-summit-2026\/\" \/>\n<meta property=\"og:site_name\" content=\"CURESZ Foundation\" \/>\n<meta property=\"article:publisher\" content=\"https:\/\/www.facebook.com\/Cureszorg\/\" \/>\n<meta property=\"article:modified_time\" content=\"2026-02-13T00:04:17+00:00\" \/>\n<meta name=\"twitter:card\" content=\"summary_large_image\" \/>\n<meta name=\"twitter:site\" content=\"@cureszorg\" \/>\n<meta name=\"twitter:label1\" content=\"Tempo estimado de leitura\" \/>\n\t<meta name=\"twitter:data1\" content=\"1 minuto\" \/>\n<script type=\"application\/ld+json\" class=\"yoast-schema-graph\">{\"@context\":\"https:\\\/\\\/schema.org\",\"@graph\":[{\"@type\":\"WebPage\",\"@id\":\"https:\\\/\\\/curesz.org\\\/curesz-summit-2026\\\/\",\"url\":\"https:\\\/\\\/curesz.org\\\/curesz-summit-2026\\\/\",\"name\":\"CURESZ Summit 2026 - CURESZ Foundation\",\"isPartOf\":{\"@id\":\"https:\\\/\\\/curesz.org\\\/#website\"},\"datePublished\":\"2026-02-11T14:23:29+00:00\",\"dateModified\":\"2026-02-13T00:04:17+00:00\",\"breadcrumb\":{\"@id\":\"https:\\\/\\\/curesz.org\\\/curesz-summit-2026\\\/#breadcrumb\"},\"inLanguage\":\"pt-PT\",\"potentialAction\":[{\"@type\":\"ReadAction\",\"target\":[\"https:\\\/\\\/curesz.org\\\/curesz-summit-2026\\\/\"]}]},{\"@type\":\"BreadcrumbList\",\"@id\":\"https:\\\/\\\/curesz.org\\\/curesz-summit-2026\\\/#breadcrumb\",\"itemListElement\":[{\"@type\":\"ListItem\",\"position\":1,\"name\":\"Home\",\"item\":\"https:\\\/\\\/curesz.org\\\/\"},{\"@type\":\"ListItem\",\"position\":2,\"name\":\"CURESZ Summit 2026\"}]},{\"@type\":\"WebSite\",\"@id\":\"https:\\\/\\\/curesz.org\\\/#website\",\"url\":\"https:\\\/\\\/curesz.org\\\/\",\"name\":\"CURESZ Foundation\",\"description\":\"The CURESZ Foundation provides educational updates to patients, families, healthcare professionals and the general public about schizophrenia.\",\"publisher\":{\"@id\":\"https:\\\/\\\/curesz.org\\\/#organization\"},\"potentialAction\":[{\"@type\":\"SearchAction\",\"target\":{\"@type\":\"EntryPoint\",\"urlTemplate\":\"https:\\\/\\\/curesz.org\\\/?s={search_term_string}\"},\"query-input\":{\"@type\":\"PropertyValueSpecification\",\"valueRequired\":true,\"valueName\":\"search_term_string\"}}],\"inLanguage\":\"pt-PT\"},{\"@type\":\"Organization\",\"@id\":\"https:\\\/\\\/curesz.org\\\/#organization\",\"name\":\"Curesz Foundation\",\"url\":\"https:\\\/\\\/curesz.org\\\/\",\"logo\":{\"@type\":\"ImageObject\",\"inLanguage\":\"pt-PT\",\"@id\":\"https:\\\/\\\/curesz.org\\\/#\\\/schema\\\/logo\\\/image\\\/\",\"url\":\"https:\\\/\\\/curesz.org\\\/wp-content\\\/uploads\\\/2020\\\/02\\\/cropped-Logo-with-Foundation-Custom.png\",\"contentUrl\":\"https:\\\/\\\/curesz.org\\\/wp-content\\\/uploads\\\/2020\\\/02\\\/cropped-Logo-with-Foundation-Custom.png\",\"width\":200,\"height\":133,\"caption\":\"Curesz Foundation\"},\"image\":{\"@id\":\"https:\\\/\\\/curesz.org\\\/#\\\/schema\\\/logo\\\/image\\\/\"},\"sameAs\":[\"https:\\\/\\\/www.facebook.com\\\/Cureszorg\\\/\",\"https:\\\/\\\/x.com\\\/cureszorg\",\"https:\\\/\\\/www.instagram.com\\\/cureszfoundation\\\/\",\"https:\\\/\\\/www.youtube.com\\\/channel\\\/UCT3uVzTt8jiJ2qdhuosHPvg\"]}]}<\/script>\n<!-- \/ Yoast SEO plugin. -->","yoast_head_json":{"title":"CURESZ Summit 2026 - CURESZ Foundation","robots":{"index":"index","follow":"follow","max-snippet":"max-snippet:-1","max-image-preview":"max-image-preview:large","max-video-preview":"max-video-preview:-1"},"canonical":"https:\/\/curesz.org\/pt_pt\/curesz-summit-2026\/","og_locale":"pt_PT","og_type":"article","og_title":"CURESZ Summit 2026 - CURESZ Foundation","og_description":"CURESZ Foundation Tenth Anniversary Summit, July 10-11, 2026 The CURESZ [...]","og_url":"https:\/\/curesz.org\/pt_pt\/curesz-summit-2026\/","og_site_name":"CURESZ Foundation","article_publisher":"https:\/\/www.facebook.com\/Cureszorg\/","article_modified_time":"2026-02-13T00:04:17+00:00","twitter_card":"summary_large_image","twitter_site":"@cureszorg","twitter_misc":{"Tempo estimado de leitura":"1 minuto"},"schema":{"@context":"https:\/\/schema.org","@graph":[{"@type":"WebPage","@id":"https:\/\/curesz.org\/curesz-summit-2026\/","url":"https:\/\/curesz.org\/curesz-summit-2026\/","name":"CURESZ Summit 2026 - CURESZ Foundation","isPartOf":{"@id":"https:\/\/curesz.org\/#website"},"datePublished":"2026-02-11T14:23:29+00:00","dateModified":"2026-02-13T00:04:17+00:00","breadcrumb":{"@id":"https:\/\/curesz.org\/curesz-summit-2026\/#breadcrumb"},"inLanguage":"pt-PT","potentialAction":[{"@type":"ReadAction","target":["https:\/\/curesz.org\/curesz-summit-2026\/"]}]},{"@type":"BreadcrumbList","@id":"https:\/\/curesz.org\/curesz-summit-2026\/#breadcrumb","itemListElement":[{"@type":"ListItem","position":1,"name":"Home","item":"https:\/\/curesz.org\/"},{"@type":"ListItem","position":2,"name":"CURESZ Summit 2026"}]},{"@type":"WebSite","@id":"https:\/\/curesz.org\/#website","url":"https:\/\/curesz.org\/","name":"Funda\u00e7\u00e3o CURESZ","description":"A Funda\u00e7\u00e3o CURESZ fornece atualiza\u00e7\u00f5es educacionais para pacientes, familiares, profissionais de sa\u00fade e p\u00fablico em geral sobre esquizofrenia.","publisher":{"@id":"https:\/\/curesz.org\/#organization"},"potentialAction":[{"@type":"SearchAction","target":{"@type":"EntryPoint","urlTemplate":"https:\/\/curesz.org\/?s={search_term_string}"},"query-input":{"@type":"PropertyValueSpecification","valueRequired":true,"valueName":"search_term_string"}}],"inLanguage":"pt-PT"},{"@type":"Organization","@id":"https:\/\/curesz.org\/#organization","name":"Curesz Foundation","url":"https:\/\/curesz.org\/","logo":{"@type":"ImageObject","inLanguage":"pt-PT","@id":"https:\/\/curesz.org\/#\/schema\/logo\/image\/","url":"https:\/\/curesz.org\/wp-content\/uploads\/2020\/02\/cropped-Logo-with-Foundation-Custom.png","contentUrl":"https:\/\/curesz.org\/wp-content\/uploads\/2020\/02\/cropped-Logo-with-Foundation-Custom.png","width":200,"height":133,"caption":"Curesz Foundation"},"image":{"@id":"https:\/\/curesz.org\/#\/schema\/logo\/image\/"},"sameAs":["https:\/\/www.facebook.com\/Cureszorg\/","https:\/\/x.com\/cureszorg","https:\/\/www.instagram.com\/cureszfoundation\/","https:\/\/www.youtube.com\/channel\/UCT3uVzTt8jiJ2qdhuosHPvg"]}]}},"_links":{"self":[{"href":"https:\/\/curesz.org\/pt_pt\/wp-json\/wp\/v2\/pages\/6770","targetHints":{"allow":["GET"]}}],"collection":[{"href":"https:\/\/curesz.org\/pt_pt\/wp-json\/wp\/v2\/pages"}],"about":[{"href":"https:\/\/curesz.org\/pt_pt\/wp-json\/wp\/v2\/types\/page"}],"author":[{"embeddable":true,"href":"https:\/\/curesz.org\/pt_pt\/wp-json\/wp\/v2\/users\/3"}],"replies":[{"embeddable":true,"href":"https:\/\/curesz.org\/pt_pt\/wp-json\/wp\/v2\/comments?post=6770"}],"version-history":[{"count":6,"href":"https:\/\/curesz.org\/pt_pt\/wp-json\/wp\/v2\/pages\/6770\/revisions"}],"predecessor-version":[{"id":6789,"href":"https:\/\/curesz.org\/pt_pt\/wp-json\/wp\/v2\/pages\/6770\/revisions\/6789"}],"wp:attachment":[{"href":"https:\/\/curesz.org\/pt_pt\/wp-json\/wp\/v2\/media?parent=6770"}],"curies":[{"name":"wp","href":"https:\/\/api.w.org\/{rel}","templated":true}]}}